{"id":13454,"date":"2019-03-20T19:13:31","date_gmt":"2019-03-20T19:13:31","guid":{"rendered":"https:\/\/www.seafarers.ca\/upcoming-events\/"},"modified":"2021-07-21T16:16:20","modified_gmt":"2021-07-21T16:16:20","slug":"evenements-a-venir","status":"publish","type":"page","link":"https:\/\/seafarers.ca\/fr\/ressources\/evenements-a-venir\/","title":{"rendered":"\u00c9v\u00e9nements \u00e0 venir"},"content":{"rendered":"","protected":false},"excerpt":{"rendered":"","protected":false},"author":6,"featured_media":0,"parent":6427,"menu_order":5,"comment_status":"closed","ping_status":"closed","template":"templates\/tmplt-events.php","meta":{"_acf_changed":false,"footnotes":""},"class_list":["post-13454","page","type-page","status-publish","hentry","page-category-union-info"],"acf":[],"yoast_head":"<!-- This site is optimized with the Yoast SEO plugin v27.4 - https:\/\/yoast.com\/product\/yoast-seo-wordpress\/ -->\n<title>\u00c9v\u00e9nements \u00e0 venir - www.Seafarers.ca<\/title>\n<meta name=\"robots\" content=\"index, follow, max-snippet:-1, max-image-preview:large, max-video-preview:-1\" \/>\n<link rel=\"canonical\" href=\"https:\/\/seafarers.ca\/fr\/ressources\/evenements-a-venir\/\" \/>\n<meta property=\"og:locale\" content=\"fr_CA\" \/>\n<meta property=\"og:type\" content=\"article\" \/>\n<meta property=\"og:title\" content=\"\u00c9v\u00e9nements \u00e0 venir - www.Seafarers.ca\" \/>\n<meta property=\"og:url\" content=\"https:\/\/seafarers.ca\/fr\/ressources\/evenements-a-venir\/\" \/>\n<meta property=\"og:site_name\" content=\"www.Seafarers.ca\" \/>\n<meta property=\"article:modified_time\" content=\"2021-07-21T16:16:20+00:00\" \/>\n<meta name=\"twitter:card\" content=\"summary_large_image\" \/>\n<script type=\"application\/ld+json\" class=\"yoast-schema-graph\">{\"@context\":\"https:\\\/\\\/schema.org\",\"@graph\":[{\"@type\":\"WebPage\",\"@id\":\"https:\\\/\\\/seafarers.ca\\\/fr\\\/ressources\\\/evenements-a-venir\\\/\",\"url\":\"https:\\\/\\\/seafarers.ca\\\/fr\\\/ressources\\\/evenements-a-venir\\\/\",\"name\":\"\u00c9v\u00e9nements \u00e0 venir - www.Seafarers.ca\",\"isPartOf\":{\"@id\":\"https:\\\/\\\/seafarers.ca\\\/#website\"},\"datePublished\":\"2019-03-20T19:13:31+00:00\",\"dateModified\":\"2021-07-21T16:16:20+00:00\",\"breadcrumb\":{\"@id\":\"https:\\\/\\\/seafarers.ca\\\/fr\\\/ressources\\\/evenements-a-venir\\\/#breadcrumb\"},\"inLanguage\":\"fr-CA\",\"potentialAction\":[{\"@type\":\"ReadAction\",\"target\":[\"https:\\\/\\\/seafarers.ca\\\/fr\\\/ressources\\\/evenements-a-venir\\\/\"]}]},{\"@type\":\"BreadcrumbList\",\"@id\":\"https:\\\/\\\/seafarers.ca\\\/fr\\\/ressources\\\/evenements-a-venir\\\/#breadcrumb\",\"itemListElement\":[{\"@type\":\"ListItem\",\"position\":1,\"name\":\"Home\",\"item\":\"https:\\\/\\\/seafarers.ca\\\/fr\\\/\"},{\"@type\":\"ListItem\",\"position\":2,\"name\":\"Ressources\",\"item\":\"https:\\\/\\\/seafarers.ca\\\/fr\\\/ressources\\\/\"},{\"@type\":\"ListItem\",\"position\":3,\"name\":\"\u00c9v\u00e9nements \u00e0 venir\"}]},{\"@type\":\"WebSite\",\"@id\":\"https:\\\/\\\/seafarers.ca\\\/#website\",\"url\":\"https:\\\/\\\/seafarers.ca\\\/\",\"name\":\"www.Seafarers.ca\",\"description\":\"Syndicat International des Marins Canadiens\",\"potentialAction\":[{\"@type\":\"SearchAction\",\"target\":{\"@type\":\"EntryPoint\",\"urlTemplate\":\"https:\\\/\\\/seafarers.ca\\\/?s={search_term_string}\"},\"query-input\":{\"@type\":\"PropertyValueSpecification\",\"valueRequired\":true,\"valueName\":\"search_term_string\"}}],\"inLanguage\":\"fr-CA\"}]}<\/script>\n<!-- \/ Yoast SEO plugin. -->","yoast_head_json":{"title":"\u00c9v\u00e9nements \u00e0 venir - www.Seafarers.ca","robots":{"index":"index","follow":"follow","max-snippet":"max-snippet:-1","max-image-preview":"max-image-preview:large","max-video-preview":"max-video-preview:-1"},"canonical":"https:\/\/seafarers.ca\/fr\/ressources\/evenements-a-venir\/","og_locale":"fr_CA","og_type":"article","og_title":"\u00c9v\u00e9nements \u00e0 venir - www.Seafarers.ca","og_url":"https:\/\/seafarers.ca\/fr\/ressources\/evenements-a-venir\/","og_site_name":"www.Seafarers.ca","article_modified_time":"2021-07-21T16:16:20+00:00","twitter_card":"summary_large_image","schema":{"@context":"https:\/\/schema.org","@graph":[{"@type":"WebPage","@id":"https:\/\/seafarers.ca\/fr\/ressources\/evenements-a-venir\/","url":"https:\/\/seafarers.ca\/fr\/ressources\/evenements-a-venir\/","name":"\u00c9v\u00e9nements \u00e0 venir - www.Seafarers.ca","isPartOf":{"@id":"https:\/\/seafarers.ca\/#website"},"datePublished":"2019-03-20T19:13:31+00:00","dateModified":"2021-07-21T16:16:20+00:00","breadcrumb":{"@id":"https:\/\/seafarers.ca\/fr\/ressources\/evenements-a-venir\/#breadcrumb"},"inLanguage":"fr-CA","potentialAction":[{"@type":"ReadAction","target":["https:\/\/seafarers.ca\/fr\/ressources\/evenements-a-venir\/"]}]},{"@type":"BreadcrumbList","@id":"https:\/\/seafarers.ca\/fr\/ressources\/evenements-a-venir\/#breadcrumb","itemListElement":[{"@type":"ListItem","position":1,"name":"Home","item":"https:\/\/seafarers.ca\/fr\/"},{"@type":"ListItem","position":2,"name":"Ressources","item":"https:\/\/seafarers.ca\/fr\/ressources\/"},{"@type":"ListItem","position":3,"name":"\u00c9v\u00e9nements \u00e0 venir"}]},{"@type":"WebSite","@id":"https:\/\/seafarers.ca\/#website","url":"https:\/\/seafarers.ca\/","name":"www.Seafarers.ca","description":"Syndicat International des Marins Canadiens","potentialAction":[{"@type":"SearchAction","target":{"@type":"EntryPoint","urlTemplate":"https:\/\/seafarers.ca\/?s={search_term_string}"},"query-input":{"@type":"PropertyValueSpecification","valueRequired":true,"valueName":"search_term_string"}}],"inLanguage":"fr-CA"}]}},"_links":{"self":[{"href":"https:\/\/seafarers.ca\/fr\/wp-json\/wp\/v2\/pages\/13454","targetHints":{"allow":["GET"]}}],"collection":[{"href":"https:\/\/seafarers.ca\/fr\/wp-json\/wp\/v2\/pages"}],"about":[{"href":"https:\/\/seafarers.ca\/fr\/wp-json\/wp\/v2\/types\/page"}],"author":[{"embeddable":true,"href":"https:\/\/seafarers.ca\/fr\/wp-json\/wp\/v2\/users\/6"}],"replies":[{"embeddable":true,"href":"https:\/\/seafarers.ca\/fr\/wp-json\/wp\/v2\/comments?post=13454"}],"version-history":[{"count":4,"href":"https:\/\/seafarers.ca\/fr\/wp-json\/wp\/v2\/pages\/13454\/revisions"}],"predecessor-version":[{"id":15808,"href":"https:\/\/seafarers.ca\/fr\/wp-json\/wp\/v2\/pages\/13454\/revisions\/15808"}],"up":[{"embeddable":true,"href":"https:\/\/seafarers.ca\/fr\/wp-json\/wp\/v2\/pages\/6427"}],"wp:attachment":[{"href":"https:\/\/seafarers.ca\/fr\/wp-json\/wp\/v2\/media?parent=13454"}],"curies":[{"name":"wp","href":"https:\/\/api.w.org\/{rel}","templated":true}]}}