{"id":13814,"date":"2019-11-05T07:54:27","date_gmt":"2019-11-05T07:54:27","guid":{"rendered":"https:\/\/www.seafarers.ca\/?page_id=13814"},"modified":"2025-06-06T09:55:00","modified_gmt":"2025-06-06T13:55:00","slug":"syndiquer-votre-lieu-de-travail","status":"publish","type":"page","link":"https:\/\/seafarers.ca\/fr\/syndiquer-votre-lieu-de-travail\/","title":{"rendered":"Syndiquer votre lieu de travail"},"content":{"rendered":"<p>Le Syndicat International des Marins Canadiens est le seul syndicat qui repr\u00e9sente les marins non brevet\u00e9s au Canada. Si vous cherchez \u00e0 vous syndiquer dans votre milieu de travail, veuillez remplir le formulaire ci-dessous. Un repr\u00e9sentant du SIMC communiquera avec vous sous peu.<\/p>\n","protected":false},"excerpt":{"rendered":"<p>Le Syndicat International des Marins Canadiens est le seul syndicat qui repr\u00e9sente les marins non brevet\u00e9s au Canada. Si vous cherchez \u00e0 vous syndiquer dans votre milieu de travail, veuillez remplir le formulaire ci-dessous. Un repr\u00e9sentant du SIMC communiquera avec vous sous peu.<\/p>\n","protected":false},"author":6,"featured_media":0,"parent":0,"menu_order":1,"comment_status":"closed","ping_status":"closed","template":"templates\/tmplt-inner.php","meta":{"_acf_changed":false,"footnotes":""},"class_list":["post-13814","page","type-page","status-publish","hentry"],"acf":[],"yoast_head":"<!-- This site is optimized with the Yoast SEO plugin v27.3 - https:\/\/yoast.com\/product\/yoast-seo-wordpress\/ -->\n<title>Syndiquer votre lieu de travail - www.Seafarers.ca<\/title>\n<meta name=\"robots\" content=\"index, follow, max-snippet:-1, max-image-preview:large, max-video-preview:-1\" \/>\n<link rel=\"canonical\" href=\"https:\/\/seafarers.ca\/fr\/syndiquer-votre-lieu-de-travail\/\" \/>\n<meta property=\"og:locale\" content=\"fr_CA\" \/>\n<meta property=\"og:type\" content=\"article\" \/>\n<meta property=\"og:title\" content=\"Syndiquer votre lieu de travail - www.Seafarers.ca\" \/>\n<meta property=\"og:description\" content=\"Le Syndicat International des Marins Canadiens est le seul syndicat qui repr\u00e9sente les marins non brevet\u00e9s au Canada. Si vous cherchez \u00e0 vous syndiquer dans votre milieu de travail, veuillez remplir le formulaire ci-dessous. Un repr\u00e9sentant du SIMC communiquera avec vous sous peu.\" \/>\n<meta property=\"og:url\" content=\"https:\/\/seafarers.ca\/fr\/syndiquer-votre-lieu-de-travail\/\" \/>\n<meta property=\"og:site_name\" content=\"www.Seafarers.ca\" \/>\n<meta property=\"article:modified_time\" content=\"2025-06-06T13:55:00+00:00\" \/>\n<meta name=\"twitter:card\" content=\"summary_large_image\" \/>\n<meta name=\"twitter:label1\" content=\"Estimation du temps de lecture\" \/>\n\t<meta name=\"twitter:data1\" content=\"1 minute\" \/>\n<script type=\"application\/ld+json\" class=\"yoast-schema-graph\">{\"@context\":\"https:\\\/\\\/schema.org\",\"@graph\":[{\"@type\":\"WebPage\",\"@id\":\"https:\\\/\\\/seafarers.ca\\\/fr\\\/syndiquer-votre-lieu-de-travail\\\/\",\"url\":\"https:\\\/\\\/seafarers.ca\\\/fr\\\/syndiquer-votre-lieu-de-travail\\\/\",\"name\":\"Syndiquer votre lieu de travail - www.Seafarers.ca\",\"isPartOf\":{\"@id\":\"https:\\\/\\\/seafarers.ca\\\/#website\"},\"datePublished\":\"2019-11-05T07:54:27+00:00\",\"dateModified\":\"2025-06-06T13:55:00+00:00\",\"breadcrumb\":{\"@id\":\"https:\\\/\\\/seafarers.ca\\\/fr\\\/syndiquer-votre-lieu-de-travail\\\/#breadcrumb\"},\"inLanguage\":\"fr-CA\",\"potentialAction\":[{\"@type\":\"ReadAction\",\"target\":[\"https:\\\/\\\/seafarers.ca\\\/fr\\\/syndiquer-votre-lieu-de-travail\\\/\"]}]},{\"@type\":\"BreadcrumbList\",\"@id\":\"https:\\\/\\\/seafarers.ca\\\/fr\\\/syndiquer-votre-lieu-de-travail\\\/#breadcrumb\",\"itemListElement\":[{\"@type\":\"ListItem\",\"position\":1,\"name\":\"Home\",\"item\":\"https:\\\/\\\/seafarers.ca\\\/fr\\\/\"},{\"@type\":\"ListItem\",\"position\":2,\"name\":\"Syndiquer votre lieu de travail\"}]},{\"@type\":\"WebSite\",\"@id\":\"https:\\\/\\\/seafarers.ca\\\/#website\",\"url\":\"https:\\\/\\\/seafarers.ca\\\/\",\"name\":\"www.Seafarers.ca\",\"description\":\"Syndicat International des Marins Canadiens\",\"potentialAction\":[{\"@type\":\"SearchAction\",\"target\":{\"@type\":\"EntryPoint\",\"urlTemplate\":\"https:\\\/\\\/seafarers.ca\\\/?s={search_term_string}\"},\"query-input\":{\"@type\":\"PropertyValueSpecification\",\"valueRequired\":true,\"valueName\":\"search_term_string\"}}],\"inLanguage\":\"fr-CA\"}]}<\/script>\n<!-- \/ Yoast SEO plugin. -->","yoast_head_json":{"title":"Syndiquer votre lieu de travail - www.Seafarers.ca","robots":{"index":"index","follow":"follow","max-snippet":"max-snippet:-1","max-image-preview":"max-image-preview:large","max-video-preview":"max-video-preview:-1"},"canonical":"https:\/\/seafarers.ca\/fr\/syndiquer-votre-lieu-de-travail\/","og_locale":"fr_CA","og_type":"article","og_title":"Syndiquer votre lieu de travail - www.Seafarers.ca","og_description":"Le Syndicat International des Marins Canadiens est le seul syndicat qui repr\u00e9sente les marins non brevet\u00e9s au Canada. Si vous cherchez \u00e0 vous syndiquer dans votre milieu de travail, veuillez remplir le formulaire ci-dessous. Un repr\u00e9sentant du SIMC communiquera avec vous sous peu.","og_url":"https:\/\/seafarers.ca\/fr\/syndiquer-votre-lieu-de-travail\/","og_site_name":"www.Seafarers.ca","article_modified_time":"2025-06-06T13:55:00+00:00","twitter_card":"summary_large_image","twitter_misc":{"Estimation du temps de lecture":"1 minute"},"schema":{"@context":"https:\/\/schema.org","@graph":[{"@type":"WebPage","@id":"https:\/\/seafarers.ca\/fr\/syndiquer-votre-lieu-de-travail\/","url":"https:\/\/seafarers.ca\/fr\/syndiquer-votre-lieu-de-travail\/","name":"Syndiquer votre lieu de travail - www.Seafarers.ca","isPartOf":{"@id":"https:\/\/seafarers.ca\/#website"},"datePublished":"2019-11-05T07:54:27+00:00","dateModified":"2025-06-06T13:55:00+00:00","breadcrumb":{"@id":"https:\/\/seafarers.ca\/fr\/syndiquer-votre-lieu-de-travail\/#breadcrumb"},"inLanguage":"fr-CA","potentialAction":[{"@type":"ReadAction","target":["https:\/\/seafarers.ca\/fr\/syndiquer-votre-lieu-de-travail\/"]}]},{"@type":"BreadcrumbList","@id":"https:\/\/seafarers.ca\/fr\/syndiquer-votre-lieu-de-travail\/#breadcrumb","itemListElement":[{"@type":"ListItem","position":1,"name":"Home","item":"https:\/\/seafarers.ca\/fr\/"},{"@type":"ListItem","position":2,"name":"Syndiquer votre lieu de travail"}]},{"@type":"WebSite","@id":"https:\/\/seafarers.ca\/#website","url":"https:\/\/seafarers.ca\/","name":"www.Seafarers.ca","description":"Syndicat International des Marins Canadiens","potentialAction":[{"@type":"SearchAction","target":{"@type":"EntryPoint","urlTemplate":"https:\/\/seafarers.ca\/?s={search_term_string}"},"query-input":{"@type":"PropertyValueSpecification","valueRequired":true,"valueName":"search_term_string"}}],"inLanguage":"fr-CA"}]}},"_links":{"self":[{"href":"https:\/\/seafarers.ca\/fr\/wp-json\/wp\/v2\/pages\/13814","targetHints":{"allow":["GET"]}}],"collection":[{"href":"https:\/\/seafarers.ca\/fr\/wp-json\/wp\/v2\/pages"}],"about":[{"href":"https:\/\/seafarers.ca\/fr\/wp-json\/wp\/v2\/types\/page"}],"author":[{"embeddable":true,"href":"https:\/\/seafarers.ca\/fr\/wp-json\/wp\/v2\/users\/6"}],"replies":[{"embeddable":true,"href":"https:\/\/seafarers.ca\/fr\/wp-json\/wp\/v2\/comments?post=13814"}],"version-history":[{"count":5,"href":"https:\/\/seafarers.ca\/fr\/wp-json\/wp\/v2\/pages\/13814\/revisions"}],"predecessor-version":[{"id":18081,"href":"https:\/\/seafarers.ca\/fr\/wp-json\/wp\/v2\/pages\/13814\/revisions\/18081"}],"wp:attachment":[{"href":"https:\/\/seafarers.ca\/fr\/wp-json\/wp\/v2\/media?parent=13814"}],"curies":[{"name":"wp","href":"https:\/\/api.w.org\/{rel}","templated":true}]}}