{"id":14345,"date":"2020-08-20T19:28:22","date_gmt":"2020-08-20T19:28:22","guid":{"rendered":"https:\/\/www.seafarers.ca\/?page_id=14345"},"modified":"2026-03-24T09:34:44","modified_gmt":"2026-03-24T13:34:44","slug":"regime-de-retraite","status":"publish","type":"page","link":"https:\/\/seafarers.ca\/fr\/ressources\/regime-de-retraite\/","title":{"rendered":"R\u00e9gime de retraite"},"content":{"rendered":"<h3>Manuvie<\/h3>\n<p><a href=\"https:\/\/seafarers.ca\/wp-content\/uploads\/2013\/11\/Manuvie.png\"><img loading=\"lazy\" decoding=\"async\" class=\"alignnone size-medium wp-image-13760\" src=\"https:\/\/seafarers.ca\/wp-content\/uploads\/2013\/11\/Manuvie-300x117.png\" alt=\"\" width=\"300\" height=\"117\" srcset=\"https:\/\/seafarers.ca\/wp-content\/uploads\/2013\/11\/Manuvie-300x117.png 300w, https:\/\/seafarers.ca\/wp-content\/uploads\/2013\/11\/Manuvie.png 470w\" sizes=\"auto, (max-width: 300px) 100vw, 300px\" \/><\/a><\/p>\n<p>Vous trouverez ci-dessous des renseignements utiles et des instructions \u00e9tape par \u00e9tape sur la fa\u00e7on d&rsquo;acc\u00e9der au site Web de Manuvie pour prendre en main votre avenir et g\u00e9rer directement votre pension. Vous pouvez acc\u00e9der \u00e0 votre compte en ligne, envoyer un courriel ou t\u00e9l\u00e9phonez au Service \u00e0 la client\u00e8le.<\/p>\n<p>Svp communiquer avec Manuvie pour toutes questions sur votre r\u00e9gime.<\/p>\n<p>&nbsp;<\/p>\n<p>Solutions Retraite collectives<\/p>\n<h2><strong><u>Inscription au site Web s\u00e9curis\u00e9<\/u><\/strong><\/h2>\n<p>Toujours soucieuse de vous aider \u00e0 g\u00e9rer facilement votre \u00e9pargne et \u00e0 suivre son \u00e9volution, Manuvie a simplifi\u00e9 l\u2019acc\u00e8s \u00e0 son site Web s\u00e9curis\u00e9. En suivant six \u00e9tapes simples, vous pouvez vous inscrire au site Web au moyen d\u2019une adresse de courriel et d\u2019un mot de passe de votre choix.<\/p>\n<p>Vous aurez besoin de votre num\u00e9ro de client et de votre num\u00e9ro d\u2019assurance sociale lors de la premi\u00e8re ouverture de session. Votre num\u00e9ro de client figure \u00e0 la premi\u00e8re page de votre relev\u00e9. Vous pouvez \u00e9galement l\u2019obtenir en communiquant avec le Service \u00e0 la client\u00e8le de Manuvie.<\/p>\n<h3><strong>\u00c9tape 1<\/strong><\/h3>\n<p>Rendez-vous \u00e0 l\u2019adresse <a href=\"https:\/\/www.manuvie.ca\/particuliers\/regimes-collectifs\/solutions-retraite-collectives.html\"><strong>manuvie.ca\/PRO<\/strong><\/a> et cliquez sur \u00ab <strong>Ouvrir une session<\/strong> \u00bb sous \u00ab <strong>Compte d\u2019\u00e9pargne-retraite collective <\/strong>\u00bb.<\/p>\n<h3><strong>\u00c9tape 2<\/strong><\/h3>\n<p>Une nouvelle page s\u2019affiche et renferme les champs \u00e0 remplir pour ouvrir une session dans le site Web s\u00e9curis\u00e9 des participants. Vous devez suivre ce processus d\u2019inscription une seule fois pour fournir vos donn\u00e9es d\u2019acc\u00e8s au site. Cliquez ensuite sur \u00ab <strong>S\u2019inscrire<\/strong> \u00bb.<\/p>\n<h3><strong>\u00c9tape 3<\/strong><\/h3>\n<p>Le syst\u00e8me vous demande de remplir votre profil et de choisir trois questions de v\u00e9rification personnelle auxquelles vous devez r\u00e9pondre pour r\u00e9cup\u00e9rer votre mot de passe. Apr\u00e8s avoir franchi cette \u00e9tape et accept\u00e9 les conditions d\u2019utilisation du site, veuillez cliquer sur \u00ab <strong>Inscription<\/strong> \u00bb.<\/p>\n<h3><strong>\u00c9tape 4<\/strong><\/h3>\n<p>L\u2019\u00e9tape 3 franchie, vous recevrez un courriel de Manuvie vous demandant de confirmer votre inscription. Cliquez sur \u00ab <strong>Confirmer l\u2019inscription<\/strong> \u00bb ou copiez-collez l\u2019adresse URL dans votre navigateur.<\/p>\n<p><strong>Important :<\/strong> Pour des raisons de s\u00e9curit\u00e9, le lien \u00ab <strong>Confirmer l\u2019inscription<\/strong> \u00bb deviendra inactif apr\u00e8s 72 heures. Veuillez donc confirmer votre inscription avant l\u2019expiration de ce d\u00e9lai. Si vous ne recevez pas ce courriel, veuillez v\u00e9rifier les courriers ind\u00e9sirables de votre messagerie. Si vous ne le trouvez pas, veuillez communiquer avec le Service \u00e0 la client\u00e8le de Manuvie.<\/p>\n<h3><strong>\u00c9tape 5<\/strong><\/h3>\n<p>Lorsque vous cliquez sur le lien, la page d\u2019ouverture de session du site s\u2019affiche. Votre adresse de courriel appara\u00eet automatiquement dans le premier champ. Entrez le mot de passe que vous avez choisi au moment de l\u2019inscription et cliquez sur \u00ab <strong>Transmettre<\/strong> \u00bb. Le syst\u00e8me vous demande alors de r\u00e9pondre \u00e0 une de vos trois questions de v\u00e9rification personnelle. R\u00e9pondez aux questions, puis cliquez sur \u00ab <strong>Transmettre<\/strong> \u00bb.<\/p>\n<h3><strong>\u00c9tape 6<\/strong><\/h3>\n<p>Une fois que vous avez r\u00e9pondu correctement aux questions de v\u00e9rification personnelle, le syst\u00e8me vous demande d\u2019entrer votre num\u00e9ro de client et les trois derniers chiffres de votre num\u00e9ro d\u2019assurance sociale. Cliquez sur \u00ab <strong>Transmettre<\/strong> \u00bb; vous \u00eates alors dirig\u00e9 vers le site Web s\u00e9curis\u00e9 des participants de Solutions Retraite collectives.<\/p>\n<p>F\u00e9licitations! Vous pouvez maintenant acc\u00e9der \u00e0 votre compte au moyen de votre adresse de courriel et de votre mot de passe.<\/p>\n<p>&nbsp;<\/p>\n<h2><strong>Revoir vos choix de placement \u00e0 l\u2019\u00e9gard du r\u00e9gime de retraite du Syndicat International des Marins Canadiens<\/strong><\/h2>\n<p>Si vous avez soigneusement choisi vos placements, vous n\u2019avez aucune mesure \u00e0 prendre. Nous vous encourageons cependant \u00e0 lire les renseignements suivants qui vous aideront \u00e0 tirer le meilleur parti des choix de placements qui vous sont offerts \u00e0 titre de participant.<\/p>\n<h3><strong>Savez-vous o\u00f9 votre argent est plac\u00e9 ?<\/strong><\/h3>\n<p>Lors de votre adh\u00e9sion au r\u00e9gime, nous vous avions demand\u00e9 de choisir les fonds dans lesquels vous souhaitiez investir pour votre retraite. Certains d\u2019entre vous n\u2019ont peut-\u00eatre jamais compl\u00e9t\u00e9 cette \u00e9tape. Pour d\u2019autres, votre s\u00e9lection a peut-\u00eatre chang\u00e9 lorsque le r\u00e9gime a \u00e9t\u00e9 transf\u00e9r\u00e9 \u00e0 Manuvie, car vos actifs ont \u00e9t\u00e9 transf\u00e9r\u00e9s vers des fonds moins volatils. Nous vous recommandons de revoir p\u00e9riodiquement vos choix de placements afin qu\u2019ils continuent de r\u00e9pondre \u00e0 votre objectif d\u2019\u00e9pargne-retraite et qu\u2019ils soient conformes \u00e0 votre degr\u00e9 de tol\u00e9rance au risque.<\/p>\n<p>Int\u00e9ressez-vous au placement de votre \u00e9pargne. Choisissez vos fonds de placement. C\u2019est dans votre int\u00e9r\u00eat puisque :<\/p>\n<ul>\n<li>Les objectifs d\u2019\u00e9pargne-retraite varient d\u2019une personne \u00e0 l\u2019autre.<\/li>\n<li>Tout le monde poss\u00e8de un niveau de connaissance diff\u00e9rent en mati\u00e8re de placements.<\/li>\n<li>Certains sont pr\u00eats \u00e0 prendre des risques alors que d\u2019autres cherchent \u00e0 les \u00e9viter.<\/li>\n<\/ul>\n<p>Pour obtenir la liste de tous les options de placements offerts dans le cadre du r\u00e9gime et leurs rendements les plus r\u00e9cents, ouvrez une session en acc\u00e9dant \u00e0 <a href=\"https:\/\/www.manuvie.ca\/particuliers\/regimes-collectifs\/solutions-retraite-collectives.html\"><strong>manuvie.ca\/pro<\/strong><\/a>.<\/p>\n<p>&nbsp;<\/p>\n<h2><strong>Comment revoir ou modifier ses placements<\/strong><\/h2>\n<h3><strong>\u00c9tape 1<\/strong><\/h3>\n<p>Ouvrez une session en acc\u00e9dant \u00e0 <a href=\"https:\/\/www.manuvie.ca\/particuliers\/regimes-collectifs\/solutions-retraite-collectives.html\"><strong>manuvie.ca\/PRO<\/strong><\/a>. Entrez votre adresse courriel et votre mot de passe.<\/p>\n<p><strong>Remarque<\/strong> : Si vous ne vous \u00eates pas encore inscrit pour acc\u00e9der en ligne \u00e0 votre compte, vous devrez cliquer sur S\u2019inscrire et entrer votre num\u00e9ro de client et les trois derniers chiffres de votre num\u00e9ro d\u2019assurance sociale. Votre num\u00e9ro de client se trouve sur votre dernier relev\u00e9.<\/p>\n<h3><strong>\u00c9tape 2<\/strong><\/h3>\n<p>Revoir vos placements actuels. Sous l\u2019onglet <strong>Mes Placements<\/strong>, cliquez sur <strong>Vos instructions de placements<\/strong>. Vous verrez l\u2019affectation actuelle de vos cotisations.<\/p>\n<h3><strong>\u00c9tape 3<\/strong><\/h3>\n<p>D\u00e9terminer votre profil d\u2019\u00e9pargnant. Sous l\u2019onglet <strong>Mes Placements<\/strong>, cliquez sur <strong>Strat\u00e9gie de placement<\/strong> et suivez les directives. Ce questionnaire vous permettra de connaitre votre profil \u00e9pargnant et vous aidera \u00e0 d\u00e9terminer si vos choix de placements y correspondent.<\/p>\n<h3><strong>\u00c9tape 4<\/strong><\/h3>\n<p>Modifier vos instructions pour vos cotisations futures. Sous l\u2019onglet <strong>Mes placements<\/strong>, cliquez sur <strong>Modifier vos instructions de placement<\/strong> et suivez les \u00e9tapes \u00e0 l\u2019\u00e9cran.<\/p>\n<h3><strong>\u00c9tape 5<\/strong><\/h3>\n<p>Transf\u00e9rer votre \u00e9pargne actuelle. Apr\u00e8s avoir modifi\u00e9 vos instructions de placements pour vos cotisations futures, vous devrez virer votre \u00e9pargne actuelle \u00e0 vos nouveaux placements. Pour transf\u00e9rer votre \u00e9pargne actuelle, cliquez sur l\u2019onglet <strong>Mes Placements<\/strong> et ensuite sur <strong>Virement entre placements<\/strong> et suivez les directives \u00e0 l\u2019\u00e9cran.<\/p>\n<p>&nbsp;<\/p>\n<h2 class=\"p1\"><b>Vous avez des questions?<\/b><\/h2>\n<p class=\"p2\">Pour toute question au sujet de votre compte, ou pour obtenir de l\u2019aide, vous pouvez communiquer avec le Service \u00e0 la client\u00e8le de Manuvie au :<\/p>\n<p class=\"p2\"><b>1 888 388-3288, <\/b>du lundi au vendredi, de 8 h \u00e0 20 h (HE).<\/p>\n<p>Envoyez un courriel \u00e0 l\u2019adresse <strong>gromail@manuvie.com<\/strong>.<\/p>\n<p>&nbsp;<\/p>\n<p><strong>Acc\u00e9der \u00e0 des ressources utiles: <\/strong><\/p>\n<p>Pr\u00e9sentation de l\u2019investissement du SIU<\/p>\n<p><a href=\"https:\/\/seafarers.ca\/wp-content\/uploads\/2019\/04\/INS6808-Seafarers-Investment-101-FR-FINAL-13Feb19.pdf\">INS6808 Seafarers Investment 101 FR FINAL 13Feb19<\/a><\/p>\n<p>Guide de s\u00e9lection des fonds du SIU<\/p>\n<p><a href=\"https:\/\/seafarers.ca\/wp-content\/uploads\/2026\/03\/Seafarers-Fund-Selection-Guide-FR-Mar2026.pdf\"><strong>Guide de s\u00e9lection des fonds du SIU<\/strong><\/a><\/p>\n","protected":false},"excerpt":{"rendered":"<p>Manuvie Vous trouverez ci-dessous des renseignements utiles et des instructions \u00e9tape par \u00e9tape sur la fa\u00e7on d&rsquo;acc\u00e9der au site Web de Manuvie pour prendre en main votre avenir et g\u00e9rer directement votre pension. Vous pouvez acc\u00e9der \u00e0 votre compte en ligne, envoyer un courriel ou t\u00e9l\u00e9phonez au Service \u00e0 la client\u00e8le. Svp communiquer avec Manuvie [&hellip;]<\/p>\n","protected":false},"author":6,"featured_media":0,"parent":6427,"menu_order":11,"comment_status":"closed","ping_status":"closed","template":"templates\/tmplt-inner.php","meta":{"_acf_changed":false,"footnotes":""},"class_list":["post-14345","page","type-page","status-publish","hentry"],"acf":[],"yoast_head":"<!-- This site is optimized with the Yoast SEO plugin v27.4 - https:\/\/yoast.com\/product\/yoast-seo-wordpress\/ -->\n<title>R\u00e9gime de retraite - www.Seafarers.ca<\/title>\n<meta name=\"robots\" content=\"index, follow, max-snippet:-1, max-image-preview:large, max-video-preview:-1\" \/>\n<link rel=\"canonical\" href=\"https:\/\/seafarers.ca\/fr\/ressources\/regime-de-retraite\/\" \/>\n<meta property=\"og:locale\" content=\"fr_CA\" \/>\n<meta property=\"og:type\" content=\"article\" \/>\n<meta property=\"og:title\" content=\"R\u00e9gime de retraite - www.Seafarers.ca\" \/>\n<meta property=\"og:description\" content=\"Manuvie Vous trouverez ci-dessous des renseignements utiles et des instructions \u00e9tape par \u00e9tape sur la fa\u00e7on d&rsquo;acc\u00e9der au site Web de Manuvie pour prendre en main votre avenir et g\u00e9rer directement votre pension. Vous pouvez acc\u00e9der \u00e0 votre compte en ligne, envoyer un courriel ou t\u00e9l\u00e9phonez au Service \u00e0 la client\u00e8le. Svp communiquer avec Manuvie [&hellip;]\" \/>\n<meta property=\"og:url\" content=\"https:\/\/seafarers.ca\/fr\/ressources\/regime-de-retraite\/\" \/>\n<meta property=\"og:site_name\" content=\"www.Seafarers.ca\" \/>\n<meta property=\"article:modified_time\" content=\"2026-03-24T13:34:44+00:00\" \/>\n<meta property=\"og:image\" content=\"https:\/\/seafarers.ca\/wp-content\/uploads\/2013\/11\/Manuvie.png\" \/>\n\t<meta property=\"og:image:width\" content=\"470\" \/>\n\t<meta property=\"og:image:height\" content=\"184\" \/>\n\t<meta property=\"og:image:type\" content=\"image\/png\" \/>\n<meta name=\"twitter:card\" content=\"summary_large_image\" \/>\n<meta name=\"twitter:label1\" content=\"Estimation du temps de lecture\" \/>\n\t<meta name=\"twitter:data1\" content=\"13 minutes\" \/>\n<script type=\"application\/ld+json\" class=\"yoast-schema-graph\">{\"@context\":\"https:\\\/\\\/schema.org\",\"@graph\":[{\"@type\":\"WebPage\",\"@id\":\"https:\\\/\\\/seafarers.ca\\\/fr\\\/ressources\\\/regime-de-retraite\\\/\",\"url\":\"https:\\\/\\\/seafarers.ca\\\/fr\\\/ressources\\\/regime-de-retraite\\\/\",\"name\":\"R\u00e9gime de retraite - www.Seafarers.ca\",\"isPartOf\":{\"@id\":\"https:\\\/\\\/seafarers.ca\\\/#website\"},\"primaryImageOfPage\":{\"@id\":\"https:\\\/\\\/seafarers.ca\\\/fr\\\/ressources\\\/regime-de-retraite\\\/#primaryimage\"},\"image\":{\"@id\":\"https:\\\/\\\/seafarers.ca\\\/fr\\\/ressources\\\/regime-de-retraite\\\/#primaryimage\"},\"thumbnailUrl\":\"https:\\\/\\\/seafarers.ca\\\/wp-content\\\/uploads\\\/2013\\\/11\\\/Manuvie-300x117.png\",\"datePublished\":\"2020-08-20T19:28:22+00:00\",\"dateModified\":\"2026-03-24T13:34:44+00:00\",\"breadcrumb\":{\"@id\":\"https:\\\/\\\/seafarers.ca\\\/fr\\\/ressources\\\/regime-de-retraite\\\/#breadcrumb\"},\"inLanguage\":\"fr-CA\",\"potentialAction\":[{\"@type\":\"ReadAction\",\"target\":[\"https:\\\/\\\/seafarers.ca\\\/fr\\\/ressources\\\/regime-de-retraite\\\/\"]}]},{\"@type\":\"ImageObject\",\"inLanguage\":\"fr-CA\",\"@id\":\"https:\\\/\\\/seafarers.ca\\\/fr\\\/ressources\\\/regime-de-retraite\\\/#primaryimage\",\"url\":\"https:\\\/\\\/seafarers.ca\\\/wp-content\\\/uploads\\\/2013\\\/11\\\/Manuvie-300x117.png\",\"contentUrl\":\"https:\\\/\\\/seafarers.ca\\\/wp-content\\\/uploads\\\/2013\\\/11\\\/Manuvie-300x117.png\"},{\"@type\":\"BreadcrumbList\",\"@id\":\"https:\\\/\\\/seafarers.ca\\\/fr\\\/ressources\\\/regime-de-retraite\\\/#breadcrumb\",\"itemListElement\":[{\"@type\":\"ListItem\",\"position\":1,\"name\":\"Home\",\"item\":\"https:\\\/\\\/seafarers.ca\\\/fr\\\/\"},{\"@type\":\"ListItem\",\"position\":2,\"name\":\"Ressources\",\"item\":\"https:\\\/\\\/seafarers.ca\\\/fr\\\/ressources\\\/\"},{\"@type\":\"ListItem\",\"position\":3,\"name\":\"R\u00e9gime de retraite\"}]},{\"@type\":\"WebSite\",\"@id\":\"https:\\\/\\\/seafarers.ca\\\/#website\",\"url\":\"https:\\\/\\\/seafarers.ca\\\/\",\"name\":\"www.Seafarers.ca\",\"description\":\"Syndicat International des Marins Canadiens\",\"potentialAction\":[{\"@type\":\"SearchAction\",\"target\":{\"@type\":\"EntryPoint\",\"urlTemplate\":\"https:\\\/\\\/seafarers.ca\\\/?s={search_term_string}\"},\"query-input\":{\"@type\":\"PropertyValueSpecification\",\"valueRequired\":true,\"valueName\":\"search_term_string\"}}],\"inLanguage\":\"fr-CA\"}]}<\/script>\n<!-- \/ Yoast SEO plugin. -->","yoast_head_json":{"title":"R\u00e9gime de retraite - www.Seafarers.ca","robots":{"index":"index","follow":"follow","max-snippet":"max-snippet:-1","max-image-preview":"max-image-preview:large","max-video-preview":"max-video-preview:-1"},"canonical":"https:\/\/seafarers.ca\/fr\/ressources\/regime-de-retraite\/","og_locale":"fr_CA","og_type":"article","og_title":"R\u00e9gime de retraite - www.Seafarers.ca","og_description":"Manuvie Vous trouverez ci-dessous des renseignements utiles et des instructions \u00e9tape par \u00e9tape sur la fa\u00e7on d&rsquo;acc\u00e9der au site Web de Manuvie pour prendre en main votre avenir et g\u00e9rer directement votre pension. Vous pouvez acc\u00e9der \u00e0 votre compte en ligne, envoyer un courriel ou t\u00e9l\u00e9phonez au Service \u00e0 la client\u00e8le. Svp communiquer avec Manuvie [&hellip;]","og_url":"https:\/\/seafarers.ca\/fr\/ressources\/regime-de-retraite\/","og_site_name":"www.Seafarers.ca","article_modified_time":"2026-03-24T13:34:44+00:00","og_image":[{"width":470,"height":184,"url":"https:\/\/seafarers.ca\/wp-content\/uploads\/2013\/11\/Manuvie.png","type":"image\/png"}],"twitter_card":"summary_large_image","twitter_misc":{"Estimation du temps de lecture":"13 minutes"},"schema":{"@context":"https:\/\/schema.org","@graph":[{"@type":"WebPage","@id":"https:\/\/seafarers.ca\/fr\/ressources\/regime-de-retraite\/","url":"https:\/\/seafarers.ca\/fr\/ressources\/regime-de-retraite\/","name":"R\u00e9gime de retraite - www.Seafarers.ca","isPartOf":{"@id":"https:\/\/seafarers.ca\/#website"},"primaryImageOfPage":{"@id":"https:\/\/seafarers.ca\/fr\/ressources\/regime-de-retraite\/#primaryimage"},"image":{"@id":"https:\/\/seafarers.ca\/fr\/ressources\/regime-de-retraite\/#primaryimage"},"thumbnailUrl":"https:\/\/seafarers.ca\/wp-content\/uploads\/2013\/11\/Manuvie-300x117.png","datePublished":"2020-08-20T19:28:22+00:00","dateModified":"2026-03-24T13:34:44+00:00","breadcrumb":{"@id":"https:\/\/seafarers.ca\/fr\/ressources\/regime-de-retraite\/#breadcrumb"},"inLanguage":"fr-CA","potentialAction":[{"@type":"ReadAction","target":["https:\/\/seafarers.ca\/fr\/ressources\/regime-de-retraite\/"]}]},{"@type":"ImageObject","inLanguage":"fr-CA","@id":"https:\/\/seafarers.ca\/fr\/ressources\/regime-de-retraite\/#primaryimage","url":"https:\/\/seafarers.ca\/wp-content\/uploads\/2013\/11\/Manuvie-300x117.png","contentUrl":"https:\/\/seafarers.ca\/wp-content\/uploads\/2013\/11\/Manuvie-300x117.png"},{"@type":"BreadcrumbList","@id":"https:\/\/seafarers.ca\/fr\/ressources\/regime-de-retraite\/#breadcrumb","itemListElement":[{"@type":"ListItem","position":1,"name":"Home","item":"https:\/\/seafarers.ca\/fr\/"},{"@type":"ListItem","position":2,"name":"Ressources","item":"https:\/\/seafarers.ca\/fr\/ressources\/"},{"@type":"ListItem","position":3,"name":"R\u00e9gime de retraite"}]},{"@type":"WebSite","@id":"https:\/\/seafarers.ca\/#website","url":"https:\/\/seafarers.ca\/","name":"www.Seafarers.ca","description":"Syndicat International des Marins Canadiens","potentialAction":[{"@type":"SearchAction","target":{"@type":"EntryPoint","urlTemplate":"https:\/\/seafarers.ca\/?s={search_term_string}"},"query-input":{"@type":"PropertyValueSpecification","valueRequired":true,"valueName":"search_term_string"}}],"inLanguage":"fr-CA"}]}},"_links":{"self":[{"href":"https:\/\/seafarers.ca\/fr\/wp-json\/wp\/v2\/pages\/14345","targetHints":{"allow":["GET"]}}],"collection":[{"href":"https:\/\/seafarers.ca\/fr\/wp-json\/wp\/v2\/pages"}],"about":[{"href":"https:\/\/seafarers.ca\/fr\/wp-json\/wp\/v2\/types\/page"}],"author":[{"embeddable":true,"href":"https:\/\/seafarers.ca\/fr\/wp-json\/wp\/v2\/users\/6"}],"replies":[{"embeddable":true,"href":"https:\/\/seafarers.ca\/fr\/wp-json\/wp\/v2\/comments?post=14345"}],"version-history":[{"count":5,"href":"https:\/\/seafarers.ca\/fr\/wp-json\/wp\/v2\/pages\/14345\/revisions"}],"predecessor-version":[{"id":19011,"href":"https:\/\/seafarers.ca\/fr\/wp-json\/wp\/v2\/pages\/14345\/revisions\/19011"}],"up":[{"embeddable":true,"href":"https:\/\/seafarers.ca\/fr\/wp-json\/wp\/v2\/pages\/6427"}],"wp:attachment":[{"href":"https:\/\/seafarers.ca\/fr\/wp-json\/wp\/v2\/media?parent=14345"}],"curies":[{"name":"wp","href":"https:\/\/api.w.org\/{rel}","templated":true}]}}