{"id":14352,"date":"2020-08-20T19:28:22","date_gmt":"2020-08-20T19:28:22","guid":{"rendered":"https:\/\/www.seafarers.ca\/?page_id=14352"},"modified":"2021-07-21T17:48:09","modified_gmt":"2021-07-21T17:48:09","slug":"industrielle-alliance","status":"publish","type":"page","link":"https:\/\/seafarers.ca\/fr\/ressources\/industrielle-alliance\/","title":{"rendered":"Industrielle Alliance"},"content":{"rendered":"<p><a href=\"https:\/\/seafarers.ca\/wp-content\/uploads\/2020\/08\/1200px-IA_Financial_Group_logo.png\"><img loading=\"lazy\" decoding=\"async\" class=\"alignnone size-medium wp-image-14364\" src=\"https:\/\/seafarers.ca\/wp-content\/uploads\/2020\/08\/1200px-IA_Financial_Group_logo-300x164.png\" alt=\"\" width=\"300\" height=\"164\" srcset=\"https:\/\/seafarers.ca\/wp-content\/uploads\/2020\/08\/1200px-IA_Financial_Group_logo-300x164.png 300w, https:\/\/seafarers.ca\/wp-content\/uploads\/2020\/08\/1200px-IA_Financial_Group_logo-1024x558.png 1024w, https:\/\/seafarers.ca\/wp-content\/uploads\/2020\/08\/1200px-IA_Financial_Group_logo-768x419.png 768w, https:\/\/seafarers.ca\/wp-content\/uploads\/2020\/08\/1200px-IA_Financial_Group_logo.png 1200w\" sizes=\"auto, (max-width: 300px) 100vw, 300px\" \/><\/a><\/p>\n<p>Site web:\u00a0<a href=\"http:\/\/www.inalco.com\/\" target=\"_blank\" rel=\"noopener noreferrer\">Industrielle Alliance<\/a><\/p>\n<p>L\u2019Industrielle Alliance, Assurance et services financiers est une compagnie d\u2019assurance de personnes fond\u00e9e en 1892. Sa mission premi\u00e8re est d\u2019offrir \u00e0 ses assur\u00e9s et \u00e0 leurs b\u00e9n\u00e9ficiaires une protection financi\u00e8re en cas de d\u00e9c\u00e8s, d\u2019invalidit\u00e9 et de maladie et de les aider \u00e0 atteindre une autonomie financi\u00e8re en vue de la retraite ou de la r\u00e9alisation de projets sp\u00e9ciaux.<\/p>\n<p>T\u00e9lephone: 1-800-567-5670<\/p>\n","protected":false},"excerpt":{"rendered":"<p>Site web:\u00a0Industrielle Alliance L\u2019Industrielle Alliance, Assurance et services financiers est une compagnie d\u2019assurance de personnes fond\u00e9e en 1892. Sa mission premi\u00e8re est d\u2019offrir \u00e0 ses assur\u00e9s et \u00e0 leurs b\u00e9n\u00e9ficiaires une protection financi\u00e8re en cas de d\u00e9c\u00e8s, d\u2019invalidit\u00e9 et de maladie et de les aider \u00e0 atteindre une autonomie financi\u00e8re en vue de la retraite [&hellip;]<\/p>\n","protected":false},"author":6,"featured_media":0,"parent":6427,"menu_order":13,"comment_status":"closed","ping_status":"closed","template":"templates\/tmplt-inner.php","meta":{"_acf_changed":false,"footnotes":""},"class_list":["post-14352","page","type-page","status-publish","hentry"],"acf":[],"yoast_head":"<!-- This site is optimized with the Yoast SEO plugin v27.4 - https:\/\/yoast.com\/product\/yoast-seo-wordpress\/ -->\n<title>Industrielle Alliance - www.Seafarers.ca<\/title>\n<meta name=\"robots\" content=\"index, follow, max-snippet:-1, max-image-preview:large, max-video-preview:-1\" \/>\n<link rel=\"canonical\" href=\"https:\/\/seafarers.ca\/fr\/ressources\/industrielle-alliance\/\" \/>\n<meta property=\"og:locale\" content=\"fr_CA\" \/>\n<meta property=\"og:type\" content=\"article\" \/>\n<meta property=\"og:title\" content=\"Industrielle Alliance - www.Seafarers.ca\" \/>\n<meta property=\"og:description\" content=\"Site web:\u00a0Industrielle Alliance L\u2019Industrielle Alliance, Assurance et services financiers est une compagnie d\u2019assurance de personnes fond\u00e9e en 1892. Sa mission premi\u00e8re est d\u2019offrir \u00e0 ses assur\u00e9s et \u00e0 leurs b\u00e9n\u00e9ficiaires une protection financi\u00e8re en cas de d\u00e9c\u00e8s, d\u2019invalidit\u00e9 et de maladie et de les aider \u00e0 atteindre une autonomie financi\u00e8re en vue de la retraite [&hellip;]\" \/>\n<meta property=\"og:url\" content=\"https:\/\/seafarers.ca\/fr\/ressources\/industrielle-alliance\/\" \/>\n<meta property=\"og:site_name\" content=\"www.Seafarers.ca\" \/>\n<meta property=\"article:modified_time\" content=\"2021-07-21T17:48:09+00:00\" \/>\n<meta property=\"og:image\" content=\"https:\/\/seafarers.ca\/wp-content\/uploads\/2020\/08\/1200px-IA_Financial_Group_logo-300x164.png\" \/>\n<meta name=\"twitter:card\" content=\"summary_large_image\" \/>\n<script type=\"application\/ld+json\" class=\"yoast-schema-graph\">{\"@context\":\"https:\\\/\\\/schema.org\",\"@graph\":[{\"@type\":\"WebPage\",\"@id\":\"https:\\\/\\\/seafarers.ca\\\/fr\\\/ressources\\\/industrielle-alliance\\\/\",\"url\":\"https:\\\/\\\/seafarers.ca\\\/fr\\\/ressources\\\/industrielle-alliance\\\/\",\"name\":\"Industrielle Alliance - www.Seafarers.ca\",\"isPartOf\":{\"@id\":\"https:\\\/\\\/seafarers.ca\\\/#website\"},\"primaryImageOfPage\":{\"@id\":\"https:\\\/\\\/seafarers.ca\\\/fr\\\/ressources\\\/industrielle-alliance\\\/#primaryimage\"},\"image\":{\"@id\":\"https:\\\/\\\/seafarers.ca\\\/fr\\\/ressources\\\/industrielle-alliance\\\/#primaryimage\"},\"thumbnailUrl\":\"https:\\\/\\\/seafarers.ca\\\/wp-content\\\/uploads\\\/2020\\\/08\\\/1200px-IA_Financial_Group_logo-300x164.png\",\"datePublished\":\"2020-08-20T19:28:22+00:00\",\"dateModified\":\"2021-07-21T17:48:09+00:00\",\"breadcrumb\":{\"@id\":\"https:\\\/\\\/seafarers.ca\\\/fr\\\/ressources\\\/industrielle-alliance\\\/#breadcrumb\"},\"inLanguage\":\"fr-CA\",\"potentialAction\":[{\"@type\":\"ReadAction\",\"target\":[\"https:\\\/\\\/seafarers.ca\\\/fr\\\/ressources\\\/industrielle-alliance\\\/\"]}]},{\"@type\":\"ImageObject\",\"inLanguage\":\"fr-CA\",\"@id\":\"https:\\\/\\\/seafarers.ca\\\/fr\\\/ressources\\\/industrielle-alliance\\\/#primaryimage\",\"url\":\"https:\\\/\\\/seafarers.ca\\\/wp-content\\\/uploads\\\/2020\\\/08\\\/1200px-IA_Financial_Group_logo-300x164.png\",\"contentUrl\":\"https:\\\/\\\/seafarers.ca\\\/wp-content\\\/uploads\\\/2020\\\/08\\\/1200px-IA_Financial_Group_logo-300x164.png\"},{\"@type\":\"BreadcrumbList\",\"@id\":\"https:\\\/\\\/seafarers.ca\\\/fr\\\/ressources\\\/industrielle-alliance\\\/#breadcrumb\",\"itemListElement\":[{\"@type\":\"ListItem\",\"position\":1,\"name\":\"Home\",\"item\":\"https:\\\/\\\/seafarers.ca\\\/fr\\\/\"},{\"@type\":\"ListItem\",\"position\":2,\"name\":\"Ressources\",\"item\":\"https:\\\/\\\/seafarers.ca\\\/fr\\\/ressources\\\/\"},{\"@type\":\"ListItem\",\"position\":3,\"name\":\"Industrielle Alliance\"}]},{\"@type\":\"WebSite\",\"@id\":\"https:\\\/\\\/seafarers.ca\\\/#website\",\"url\":\"https:\\\/\\\/seafarers.ca\\\/\",\"name\":\"www.Seafarers.ca\",\"description\":\"Syndicat International des Marins Canadiens\",\"potentialAction\":[{\"@type\":\"SearchAction\",\"target\":{\"@type\":\"EntryPoint\",\"urlTemplate\":\"https:\\\/\\\/seafarers.ca\\\/?s={search_term_string}\"},\"query-input\":{\"@type\":\"PropertyValueSpecification\",\"valueRequired\":true,\"valueName\":\"search_term_string\"}}],\"inLanguage\":\"fr-CA\"}]}<\/script>\n<!-- \/ Yoast SEO plugin. -->","yoast_head_json":{"title":"Industrielle Alliance - www.Seafarers.ca","robots":{"index":"index","follow":"follow","max-snippet":"max-snippet:-1","max-image-preview":"max-image-preview:large","max-video-preview":"max-video-preview:-1"},"canonical":"https:\/\/seafarers.ca\/fr\/ressources\/industrielle-alliance\/","og_locale":"fr_CA","og_type":"article","og_title":"Industrielle Alliance - www.Seafarers.ca","og_description":"Site web:\u00a0Industrielle Alliance L\u2019Industrielle Alliance, Assurance et services financiers est une compagnie d\u2019assurance de personnes fond\u00e9e en 1892. Sa mission premi\u00e8re est d\u2019offrir \u00e0 ses assur\u00e9s et \u00e0 leurs b\u00e9n\u00e9ficiaires une protection financi\u00e8re en cas de d\u00e9c\u00e8s, d\u2019invalidit\u00e9 et de maladie et de les aider \u00e0 atteindre une autonomie financi\u00e8re en vue de la retraite [&hellip;]","og_url":"https:\/\/seafarers.ca\/fr\/ressources\/industrielle-alliance\/","og_site_name":"www.Seafarers.ca","article_modified_time":"2021-07-21T17:48:09+00:00","og_image":[{"url":"https:\/\/seafarers.ca\/wp-content\/uploads\/2020\/08\/1200px-IA_Financial_Group_logo-300x164.png","type":"","width":"","height":""}],"twitter_card":"summary_large_image","schema":{"@context":"https:\/\/schema.org","@graph":[{"@type":"WebPage","@id":"https:\/\/seafarers.ca\/fr\/ressources\/industrielle-alliance\/","url":"https:\/\/seafarers.ca\/fr\/ressources\/industrielle-alliance\/","name":"Industrielle Alliance - www.Seafarers.ca","isPartOf":{"@id":"https:\/\/seafarers.ca\/#website"},"primaryImageOfPage":{"@id":"https:\/\/seafarers.ca\/fr\/ressources\/industrielle-alliance\/#primaryimage"},"image":{"@id":"https:\/\/seafarers.ca\/fr\/ressources\/industrielle-alliance\/#primaryimage"},"thumbnailUrl":"https:\/\/seafarers.ca\/wp-content\/uploads\/2020\/08\/1200px-IA_Financial_Group_logo-300x164.png","datePublished":"2020-08-20T19:28:22+00:00","dateModified":"2021-07-21T17:48:09+00:00","breadcrumb":{"@id":"https:\/\/seafarers.ca\/fr\/ressources\/industrielle-alliance\/#breadcrumb"},"inLanguage":"fr-CA","potentialAction":[{"@type":"ReadAction","target":["https:\/\/seafarers.ca\/fr\/ressources\/industrielle-alliance\/"]}]},{"@type":"ImageObject","inLanguage":"fr-CA","@id":"https:\/\/seafarers.ca\/fr\/ressources\/industrielle-alliance\/#primaryimage","url":"https:\/\/seafarers.ca\/wp-content\/uploads\/2020\/08\/1200px-IA_Financial_Group_logo-300x164.png","contentUrl":"https:\/\/seafarers.ca\/wp-content\/uploads\/2020\/08\/1200px-IA_Financial_Group_logo-300x164.png"},{"@type":"BreadcrumbList","@id":"https:\/\/seafarers.ca\/fr\/ressources\/industrielle-alliance\/#breadcrumb","itemListElement":[{"@type":"ListItem","position":1,"name":"Home","item":"https:\/\/seafarers.ca\/fr\/"},{"@type":"ListItem","position":2,"name":"Ressources","item":"https:\/\/seafarers.ca\/fr\/ressources\/"},{"@type":"ListItem","position":3,"name":"Industrielle Alliance"}]},{"@type":"WebSite","@id":"https:\/\/seafarers.ca\/#website","url":"https:\/\/seafarers.ca\/","name":"www.Seafarers.ca","description":"Syndicat International des Marins Canadiens","potentialAction":[{"@type":"SearchAction","target":{"@type":"EntryPoint","urlTemplate":"https:\/\/seafarers.ca\/?s={search_term_string}"},"query-input":{"@type":"PropertyValueSpecification","valueRequired":true,"valueName":"search_term_string"}}],"inLanguage":"fr-CA"}]}},"_links":{"self":[{"href":"https:\/\/seafarers.ca\/fr\/wp-json\/wp\/v2\/pages\/14352","targetHints":{"allow":["GET"]}}],"collection":[{"href":"https:\/\/seafarers.ca\/fr\/wp-json\/wp\/v2\/pages"}],"about":[{"href":"https:\/\/seafarers.ca\/fr\/wp-json\/wp\/v2\/types\/page"}],"author":[{"embeddable":true,"href":"https:\/\/seafarers.ca\/fr\/wp-json\/wp\/v2\/users\/6"}],"replies":[{"embeddable":true,"href":"https:\/\/seafarers.ca\/fr\/wp-json\/wp\/v2\/comments?post=14352"}],"version-history":[{"count":5,"href":"https:\/\/seafarers.ca\/fr\/wp-json\/wp\/v2\/pages\/14352\/revisions"}],"predecessor-version":[{"id":16439,"href":"https:\/\/seafarers.ca\/fr\/wp-json\/wp\/v2\/pages\/14352\/revisions\/16439"}],"up":[{"embeddable":true,"href":"https:\/\/seafarers.ca\/fr\/wp-json\/wp\/v2\/pages\/6427"}],"wp:attachment":[{"href":"https:\/\/seafarers.ca\/fr\/wp-json\/wp\/v2\/media?parent=14352"}],"curies":[{"name":"wp","href":"https:\/\/api.w.org\/{rel}","templated":true}]}}