{"id":14354,"date":"2020-08-20T19:28:22","date_gmt":"2020-08-20T19:28:22","guid":{"rendered":"https:\/\/www.seafarers.ca\/?page_id=14354"},"modified":"2023-02-23T13:19:15","modified_gmt":"2023-02-23T18:19:15","slug":"une-option-bancaire-avec-cibc","status":"publish","type":"page","link":"https:\/\/seafarers.ca\/fr\/ressources\/une-option-bancaire-avec-cibc\/","title":{"rendered":"Bancaire Avec CIBC"},"content":{"rendered":"<p><a href=\"https:\/\/seafarers.ca\/wp-content\/uploads\/2020\/08\/CIBC_logo.png\"><img loading=\"lazy\" decoding=\"async\" class=\"alignnone wp-image-14358\" src=\"https:\/\/seafarers.ca\/wp-content\/uploads\/2020\/08\/CIBC_logo-300x274.png\" alt=\"\" width=\"165\" height=\"151\" srcset=\"https:\/\/seafarers.ca\/wp-content\/uploads\/2020\/08\/CIBC_logo-300x274.png 300w, https:\/\/seafarers.ca\/wp-content\/uploads\/2020\/08\/CIBC_logo-1024x936.png 1024w, https:\/\/seafarers.ca\/wp-content\/uploads\/2020\/08\/CIBC_logo-768x702.png 768w, https:\/\/seafarers.ca\/wp-content\/uploads\/2020\/08\/CIBC_logo.png 1250w\" sizes=\"auto, (max-width: 165px) 100vw, 165px\" \/><\/a><\/p>\n<p>Site web:\u00a0<a href=\"https:\/\/www.cibc.com\/ca\/features\/gbo\/group-banking.html\">CIBC\u00a0<\/a><\/p>\n<p>La Banque CIBC est fi\u00e8re d\u2019offrir aux membres et aux employ\u00e9s des solutions bancaires exclusives, y compris des taux privil\u00e9gi\u00e9s et des services bancaires sans frais.<\/p>\n<p>Nous nous engageons \u00e9galement \u00e0 vous offrir la souplesse n\u00e9cessaire pour effectuer vos op\u00e9rations bancaires au moment, \u00e0 l\u2019endroit et de la fa\u00e7on qui vous conviennent en vous donnant acc\u00e8s \u00e0 vos fonds et \u00e0 des conseils financiers 24 heures sur 24, 7 jours sur 7, gr\u00e2ce \u00e0 nos services bancaires mobiles, en ligne et t\u00e9l\u00e9phoniques, aux guichets automatiques bancaires et aux heures d\u2019ouverture prolong\u00e9es en soir\u00e9e et en fin de semaine dans bon nombre de nos centres bancaires partout au Canada. Vous pouvez planifier une rencontre dans l\u2019un de nos centres bancaires. Pour trouver le centre bancaire le plus pr\u00e8s, utilisez le <a href=\"https:\/\/locations.cibc.com\/?locale=fr_CA\">localisateur de centres bancaires<\/a>.<\/p>\n<p>De plus, pour ce qui est de vos besoins plus g\u00e9n\u00e9raux en mati\u00e8re de strat\u00e9gie financi\u00e8re, tirez parti des conseils d\u2019expert d\u2019un conseiller de Service Imp\u00e9rial CIBC en personne \u00e0 l\u2019un de nos centres bancaires CIBC ou exclusivement par t\u00e9l\u00e9phone ou par courriel par l\u2019interm\u00e9diaire de Service Imp\u00e9rial Direct CIBC. Les conseillers de Service Imp\u00e9rial vous offrent (en personne ou par t\u00e9l\u00e9phone) des services de strat\u00e9gie financi\u00e8re et des conseils \u00e0 votre image!<\/p>\n<p>&nbsp;<\/p>\n<h3>Comment puis-je profiter de ces avantages?<\/h3>\n<p>Ces jours-ci, la meilleure fa\u00e7on de profiter du Programme collectif de services bancaires CIBC est de passer \u00e0 un centre bancaire CIBC apr\u00e8s avoir pris rendez-vous. Vous pouvez prendre rendez-vous en ligne pour rencontrer un repr\u00e9sentant CIBC. Suivez le lien <a href=\"https:\/\/www.cibconline.cibc.com\/ebm-resources\/public\/appt-booking\/client\/index.html#\/meetings\/book\/topic?locale=fr\">rencontrez-nous<\/a>.<\/p>\n<p>&nbsp;<\/p>\n<h3>Que dois-je demander lorsque je passe \u00e0 la Banque CIBC ou que je l\u2019appelle?<\/h3>\n<p>Dites simplement que vous \u00eates membre du Syndicat international des marins canadiens et que vous souhaitez profiter du Programme collectif de services bancaires CIBC. N\u2019oubliez pas de montrer votre carte d\u2019adh\u00e9sion syndicale et d\u2019apporter quelques pi\u00e8ces d\u2019identit\u00e9 si vous pr\u00e9voyez ouvrir un compte. Vous pouvez aussi t\u00e9l\u00e9charger l\u2019invitation au Programme collectif de services bancaires\u00a0CIBC du Syndicat international des marins canadiens et l\u2019apporter au centre bancaire.<\/p>\n<p>&nbsp;<\/p>\n<h3>Avec qui puis-je communiquer si je veux parler \u00e0 un conseiller par t\u00e9l\u00e9phone?<\/h3>\n<p>Pour obtenir des conseils d\u2019expert, communiquez avec notre \u00e9quipe Service Imp\u00e9rial Direct en \u00e9crivant \u00e0 <a href=\"mailto:ISD-SeafarersGBP@cibc.com\">ISD-SeafarersGBP@cibc.com<\/a><\/p>\n<p>&nbsp;<\/p>\n<h3>Avec qui puis-je communiquer si je veux <em>parler \u00e0 un conseiller en personne<\/em>?<\/h3>\n<p>Pour prendre rendez-vous avec l\u2019un de nos conseillers CIBC, <a href=\"https:\/\/www.cibconline.cibc.com\/ebm-resources\/public\/appt-booking\/client\/index.html#\/meetings\/book\/topic?locale=fr\">suivez ce lien.<\/a><\/p>\n<p>&nbsp;<\/p>\n<p>Nous avons h\u00e2te de vous rencontrer bient\u00f4t pour vous souhaiter la bienvenue au Programme collectif de services bancaires CIBC.<\/p>\n<p>&nbsp;<\/p>\n<p><a href=\"https:\/\/seafarers.ca\/wp-content\/uploads\/2020\/09\/CIBC-MV-Jean-Brillant.png\"><img loading=\"lazy\" decoding=\"async\" class=\"alignnone wp-image-14422\" src=\"https:\/\/seafarers.ca\/wp-content\/uploads\/2020\/09\/CIBC-MV-Jean-Brillant-300x198.png\" alt=\"\" width=\"363\" height=\"240\" srcset=\"https:\/\/seafarers.ca\/wp-content\/uploads\/2020\/09\/CIBC-MV-Jean-Brillant-300x198.png 300w, https:\/\/seafarers.ca\/wp-content\/uploads\/2020\/09\/CIBC-MV-Jean-Brillant-768x507.png 768w, https:\/\/seafarers.ca\/wp-content\/uploads\/2020\/09\/CIBC-MV-Jean-Brillant.png 784w\" sizes=\"auto, (max-width: 363px) 100vw, 363px\" \/><\/a><a href=\"https:\/\/seafarers.ca\/wp-content\/uploads\/2020\/09\/CIBC-MV-Jean-Brillant2.png\"><img loading=\"lazy\" decoding=\"async\" class=\"alignnone size-medium wp-image-14424\" src=\"https:\/\/seafarers.ca\/wp-content\/uploads\/2020\/09\/CIBC-MV-Jean-Brillant2-300x240.png\" alt=\"\" width=\"300\" height=\"240\" srcset=\"https:\/\/seafarers.ca\/wp-content\/uploads\/2020\/09\/CIBC-MV-Jean-Brillant2-300x240.png 300w, https:\/\/seafarers.ca\/wp-content\/uploads\/2020\/09\/CIBC-MV-Jean-Brillant2-768x616.png 768w, https:\/\/seafarers.ca\/wp-content\/uploads\/2020\/09\/CIBC-MV-Jean-Brillant2.png 816w\" sizes=\"auto, (max-width: 300px) 100vw, 300px\" \/><\/a><\/p>\n<h5>En avril 1964, la Banque CIBC a lanc\u00e9 la seule banque flottante au Canada. Le bateau servait 5 000 clients dans de petites villes \u00e9loign\u00e9es le long de la Basse-C\u00f4te-Nord du Saint-Laurent, au Qu\u00e9bec. Enti\u00e8rement adapt\u00e9, le M.V. Jean Brillant comprenait un petit centre bancaire dot\u00e9 d\u2019une fen\u00eatre de comptoir et d\u2019un logement pour le responsable. S\u2019il n\u2019y avait pas de quai, les clients ramaient jusqu\u2019au bateau pour effectuer leurs op\u00e9rations bancaires.<\/h5>\n<h5>Les photos sont une gracieuset\u00e9 d\u2019Archives CIBC.<\/h5>\n","protected":false},"excerpt":{"rendered":"<p>Site web:\u00a0CIBC\u00a0 La Banque CIBC est fi\u00e8re d\u2019offrir aux membres et aux employ\u00e9s des solutions bancaires exclusives, y compris des taux privil\u00e9gi\u00e9s et des services bancaires sans frais. Nous nous engageons \u00e9galement \u00e0 vous offrir la souplesse n\u00e9cessaire pour effectuer vos op\u00e9rations bancaires au moment, \u00e0 l\u2019endroit et de la fa\u00e7on qui vous conviennent en [&hellip;]<\/p>\n","protected":false},"author":6,"featured_media":0,"parent":6427,"menu_order":12,"comment_status":"closed","ping_status":"closed","template":"templates\/tmplt-inner.php","meta":{"_acf_changed":false,"footnotes":""},"class_list":["post-14354","page","type-page","status-publish","hentry","page-category-pensions"],"acf":[],"yoast_head":"<!-- This site is optimized with the Yoast SEO plugin v27.3 - https:\/\/yoast.com\/product\/yoast-seo-wordpress\/ -->\n<title>Bancaire Avec CIBC - www.Seafarers.ca<\/title>\n<meta name=\"robots\" content=\"index, follow, max-snippet:-1, max-image-preview:large, max-video-preview:-1\" \/>\n<link rel=\"canonical\" href=\"https:\/\/seafarers.ca\/fr\/ressources\/une-option-bancaire-avec-cibc\/\" \/>\n<meta property=\"og:locale\" content=\"fr_CA\" \/>\n<meta property=\"og:type\" content=\"article\" \/>\n<meta property=\"og:title\" content=\"Bancaire Avec CIBC - www.Seafarers.ca\" \/>\n<meta property=\"og:description\" content=\"Site web:\u00a0CIBC\u00a0 La Banque CIBC est fi\u00e8re d\u2019offrir aux membres et aux employ\u00e9s des solutions bancaires exclusives, y compris des taux privil\u00e9gi\u00e9s et des services bancaires sans frais. Nous nous engageons \u00e9galement \u00e0 vous offrir la souplesse n\u00e9cessaire pour effectuer vos op\u00e9rations bancaires au moment, \u00e0 l\u2019endroit et de la fa\u00e7on qui vous conviennent en [&hellip;]\" \/>\n<meta property=\"og:url\" content=\"https:\/\/seafarers.ca\/fr\/ressources\/une-option-bancaire-avec-cibc\/\" \/>\n<meta property=\"og:site_name\" content=\"www.Seafarers.ca\" \/>\n<meta property=\"article:modified_time\" content=\"2023-02-23T18:19:15+00:00\" \/>\n<meta property=\"og:image\" content=\"https:\/\/seafarers.ca\/wp-content\/uploads\/2020\/08\/CIBC_logo-300x274.png\" \/>\n<meta name=\"twitter:card\" content=\"summary_large_image\" \/>\n<meta name=\"twitter:label1\" content=\"Estimation du temps de lecture\" \/>\n\t<meta name=\"twitter:data1\" content=\"3 minutes\" \/>\n<script type=\"application\/ld+json\" class=\"yoast-schema-graph\">{\"@context\":\"https:\\\/\\\/schema.org\",\"@graph\":[{\"@type\":\"WebPage\",\"@id\":\"https:\\\/\\\/seafarers.ca\\\/fr\\\/ressources\\\/une-option-bancaire-avec-cibc\\\/\",\"url\":\"https:\\\/\\\/seafarers.ca\\\/fr\\\/ressources\\\/une-option-bancaire-avec-cibc\\\/\",\"name\":\"Bancaire Avec CIBC - www.Seafarers.ca\",\"isPartOf\":{\"@id\":\"https:\\\/\\\/seafarers.ca\\\/#website\"},\"primaryImageOfPage\":{\"@id\":\"https:\\\/\\\/seafarers.ca\\\/fr\\\/ressources\\\/une-option-bancaire-avec-cibc\\\/#primaryimage\"},\"image\":{\"@id\":\"https:\\\/\\\/seafarers.ca\\\/fr\\\/ressources\\\/une-option-bancaire-avec-cibc\\\/#primaryimage\"},\"thumbnailUrl\":\"https:\\\/\\\/seafarers.ca\\\/wp-content\\\/uploads\\\/2020\\\/08\\\/CIBC_logo-300x274.png\",\"datePublished\":\"2020-08-20T19:28:22+00:00\",\"dateModified\":\"2023-02-23T18:19:15+00:00\",\"breadcrumb\":{\"@id\":\"https:\\\/\\\/seafarers.ca\\\/fr\\\/ressources\\\/une-option-bancaire-avec-cibc\\\/#breadcrumb\"},\"inLanguage\":\"fr-CA\",\"potentialAction\":[{\"@type\":\"ReadAction\",\"target\":[\"https:\\\/\\\/seafarers.ca\\\/fr\\\/ressources\\\/une-option-bancaire-avec-cibc\\\/\"]}]},{\"@type\":\"ImageObject\",\"inLanguage\":\"fr-CA\",\"@id\":\"https:\\\/\\\/seafarers.ca\\\/fr\\\/ressources\\\/une-option-bancaire-avec-cibc\\\/#primaryimage\",\"url\":\"https:\\\/\\\/seafarers.ca\\\/wp-content\\\/uploads\\\/2020\\\/08\\\/CIBC_logo-300x274.png\",\"contentUrl\":\"https:\\\/\\\/seafarers.ca\\\/wp-content\\\/uploads\\\/2020\\\/08\\\/CIBC_logo-300x274.png\"},{\"@type\":\"BreadcrumbList\",\"@id\":\"https:\\\/\\\/seafarers.ca\\\/fr\\\/ressources\\\/une-option-bancaire-avec-cibc\\\/#breadcrumb\",\"itemListElement\":[{\"@type\":\"ListItem\",\"position\":1,\"name\":\"Home\",\"item\":\"https:\\\/\\\/seafarers.ca\\\/fr\\\/\"},{\"@type\":\"ListItem\",\"position\":2,\"name\":\"Ressources\",\"item\":\"https:\\\/\\\/seafarers.ca\\\/fr\\\/ressources\\\/\"},{\"@type\":\"ListItem\",\"position\":3,\"name\":\"Bancaire Avec CIBC\"}]},{\"@type\":\"WebSite\",\"@id\":\"https:\\\/\\\/seafarers.ca\\\/#website\",\"url\":\"https:\\\/\\\/seafarers.ca\\\/\",\"name\":\"www.Seafarers.ca\",\"description\":\"Syndicat International des Marins Canadiens\",\"potentialAction\":[{\"@type\":\"SearchAction\",\"target\":{\"@type\":\"EntryPoint\",\"urlTemplate\":\"https:\\\/\\\/seafarers.ca\\\/?s={search_term_string}\"},\"query-input\":{\"@type\":\"PropertyValueSpecification\",\"valueRequired\":true,\"valueName\":\"search_term_string\"}}],\"inLanguage\":\"fr-CA\"}]}<\/script>\n<!-- \/ Yoast SEO plugin. -->","yoast_head_json":{"title":"Bancaire Avec CIBC - www.Seafarers.ca","robots":{"index":"index","follow":"follow","max-snippet":"max-snippet:-1","max-image-preview":"max-image-preview:large","max-video-preview":"max-video-preview:-1"},"canonical":"https:\/\/seafarers.ca\/fr\/ressources\/une-option-bancaire-avec-cibc\/","og_locale":"fr_CA","og_type":"article","og_title":"Bancaire Avec CIBC - www.Seafarers.ca","og_description":"Site web:\u00a0CIBC\u00a0 La Banque CIBC est fi\u00e8re d\u2019offrir aux membres et aux employ\u00e9s des solutions bancaires exclusives, y compris des taux privil\u00e9gi\u00e9s et des services bancaires sans frais. Nous nous engageons \u00e9galement \u00e0 vous offrir la souplesse n\u00e9cessaire pour effectuer vos op\u00e9rations bancaires au moment, \u00e0 l\u2019endroit et de la fa\u00e7on qui vous conviennent en [&hellip;]","og_url":"https:\/\/seafarers.ca\/fr\/ressources\/une-option-bancaire-avec-cibc\/","og_site_name":"www.Seafarers.ca","article_modified_time":"2023-02-23T18:19:15+00:00","og_image":[{"url":"https:\/\/seafarers.ca\/wp-content\/uploads\/2020\/08\/CIBC_logo-300x274.png","type":"","width":"","height":""}],"twitter_card":"summary_large_image","twitter_misc":{"Estimation du temps de lecture":"3 minutes"},"schema":{"@context":"https:\/\/schema.org","@graph":[{"@type":"WebPage","@id":"https:\/\/seafarers.ca\/fr\/ressources\/une-option-bancaire-avec-cibc\/","url":"https:\/\/seafarers.ca\/fr\/ressources\/une-option-bancaire-avec-cibc\/","name":"Bancaire Avec CIBC - www.Seafarers.ca","isPartOf":{"@id":"https:\/\/seafarers.ca\/#website"},"primaryImageOfPage":{"@id":"https:\/\/seafarers.ca\/fr\/ressources\/une-option-bancaire-avec-cibc\/#primaryimage"},"image":{"@id":"https:\/\/seafarers.ca\/fr\/ressources\/une-option-bancaire-avec-cibc\/#primaryimage"},"thumbnailUrl":"https:\/\/seafarers.ca\/wp-content\/uploads\/2020\/08\/CIBC_logo-300x274.png","datePublished":"2020-08-20T19:28:22+00:00","dateModified":"2023-02-23T18:19:15+00:00","breadcrumb":{"@id":"https:\/\/seafarers.ca\/fr\/ressources\/une-option-bancaire-avec-cibc\/#breadcrumb"},"inLanguage":"fr-CA","potentialAction":[{"@type":"ReadAction","target":["https:\/\/seafarers.ca\/fr\/ressources\/une-option-bancaire-avec-cibc\/"]}]},{"@type":"ImageObject","inLanguage":"fr-CA","@id":"https:\/\/seafarers.ca\/fr\/ressources\/une-option-bancaire-avec-cibc\/#primaryimage","url":"https:\/\/seafarers.ca\/wp-content\/uploads\/2020\/08\/CIBC_logo-300x274.png","contentUrl":"https:\/\/seafarers.ca\/wp-content\/uploads\/2020\/08\/CIBC_logo-300x274.png"},{"@type":"BreadcrumbList","@id":"https:\/\/seafarers.ca\/fr\/ressources\/une-option-bancaire-avec-cibc\/#breadcrumb","itemListElement":[{"@type":"ListItem","position":1,"name":"Home","item":"https:\/\/seafarers.ca\/fr\/"},{"@type":"ListItem","position":2,"name":"Ressources","item":"https:\/\/seafarers.ca\/fr\/ressources\/"},{"@type":"ListItem","position":3,"name":"Bancaire Avec CIBC"}]},{"@type":"WebSite","@id":"https:\/\/seafarers.ca\/#website","url":"https:\/\/seafarers.ca\/","name":"www.Seafarers.ca","description":"Syndicat International des Marins Canadiens","potentialAction":[{"@type":"SearchAction","target":{"@type":"EntryPoint","urlTemplate":"https:\/\/seafarers.ca\/?s={search_term_string}"},"query-input":{"@type":"PropertyValueSpecification","valueRequired":true,"valueName":"search_term_string"}}],"inLanguage":"fr-CA"}]}},"_links":{"self":[{"href":"https:\/\/seafarers.ca\/fr\/wp-json\/wp\/v2\/pages\/14354","targetHints":{"allow":["GET"]}}],"collection":[{"href":"https:\/\/seafarers.ca\/fr\/wp-json\/wp\/v2\/pages"}],"about":[{"href":"https:\/\/seafarers.ca\/fr\/wp-json\/wp\/v2\/types\/page"}],"author":[{"embeddable":true,"href":"https:\/\/seafarers.ca\/fr\/wp-json\/wp\/v2\/users\/6"}],"replies":[{"embeddable":true,"href":"https:\/\/seafarers.ca\/fr\/wp-json\/wp\/v2\/comments?post=14354"}],"version-history":[{"count":5,"href":"https:\/\/seafarers.ca\/fr\/wp-json\/wp\/v2\/pages\/14354\/revisions"}],"predecessor-version":[{"id":17301,"href":"https:\/\/seafarers.ca\/fr\/wp-json\/wp\/v2\/pages\/14354\/revisions\/17301"}],"up":[{"embeddable":true,"href":"https:\/\/seafarers.ca\/fr\/wp-json\/wp\/v2\/pages\/6427"}],"wp:attachment":[{"href":"https:\/\/seafarers.ca\/fr\/wp-json\/wp\/v2\/media?parent=14354"}],"curies":[{"name":"wp","href":"https:\/\/api.w.org\/{rel}","templated":true}]}}