{"id":6418,"date":"2013-11-13T21:49:37","date_gmt":"2013-11-13T21:49:37","guid":{"rendered":"http:\/\/www.seafarers.ca\/?page_id=6418"},"modified":"2021-07-28T20:45:28","modified_gmt":"2021-07-28T20:45:28","slug":"equipe","status":"publish","type":"page","link":"https:\/\/seafarers.ca\/fr\/siu-profil\/equipe\/","title":{"rendered":"Notre \u00c9quipe"},"content":{"rendered":"<h2>L\u2019\u00e9quipe du SIU<\/h2>\n<p>L\u2019\u00e9quipe du SIU est r\u00e9put\u00e9e pour leurs vastes qualifications, leur exp\u00e9rience collective et la profondeur de leurs comp\u00e9tences en gestion. L\u2019\u00e9quipe d\u00e9tient la responsabilit\u00e9 importante pour les op\u00e9rations quotidiennes, ainsi que le succ\u00e8s de l\u2019union pour le b\u00e9n\u00e9fice des marins et des membres non-marins.<\/p>\n","protected":false},"excerpt":{"rendered":"<p>L\u2019\u00e9quipe du SIU L\u2019\u00e9quipe du SIU est r\u00e9put\u00e9e pour leurs vastes qualifications, leur exp\u00e9rience collective et la profondeur de leurs comp\u00e9tences en gestion. L\u2019\u00e9quipe d\u00e9tient la responsabilit\u00e9 importante pour les op\u00e9rations quotidiennes, ainsi que le succ\u00e8s de l\u2019union pour le b\u00e9n\u00e9fice des marins et des membres non-marins.<\/p>\n","protected":false},"author":1,"featured_media":0,"parent":6306,"menu_order":1,"comment_status":"closed","ping_status":"closed","template":"templates\/tmplt-team.php","meta":{"_acf_changed":false,"footnotes":""},"class_list":["post-6418","page","type-page","status-publish","hentry","page-category-who-we-are"],"acf":[],"yoast_head":"<!-- This site is optimized with the Yoast SEO plugin v27.3 - https:\/\/yoast.com\/product\/yoast-seo-wordpress\/ -->\n<title>Notre \u00c9quipe - www.Seafarers.ca<\/title>\n<meta name=\"robots\" content=\"index, follow, max-snippet:-1, max-image-preview:large, max-video-preview:-1\" \/>\n<link rel=\"canonical\" href=\"https:\/\/seafarers.ca\/fr\/siu-profil\/equipe\/\" \/>\n<meta property=\"og:locale\" content=\"fr_CA\" \/>\n<meta property=\"og:type\" content=\"article\" \/>\n<meta property=\"og:title\" content=\"Notre \u00c9quipe - www.Seafarers.ca\" \/>\n<meta property=\"og:description\" content=\"L\u2019\u00e9quipe du SIU L\u2019\u00e9quipe du SIU est r\u00e9put\u00e9e pour leurs vastes qualifications, leur exp\u00e9rience collective et la profondeur de leurs comp\u00e9tences en gestion. L\u2019\u00e9quipe d\u00e9tient la responsabilit\u00e9 importante pour les op\u00e9rations quotidiennes, ainsi que le succ\u00e8s de l\u2019union pour le b\u00e9n\u00e9fice des marins et des membres non-marins.\" \/>\n<meta property=\"og:url\" content=\"https:\/\/seafarers.ca\/fr\/siu-profil\/equipe\/\" \/>\n<meta property=\"og:site_name\" content=\"www.Seafarers.ca\" \/>\n<meta property=\"article:modified_time\" content=\"2021-07-28T20:45:28+00:00\" \/>\n<meta name=\"twitter:card\" content=\"summary_large_image\" \/>\n<meta name=\"twitter:label1\" content=\"Estimation du temps de lecture\" \/>\n\t<meta name=\"twitter:data1\" content=\"1 minute\" \/>\n<script type=\"application\/ld+json\" class=\"yoast-schema-graph\">{\"@context\":\"https:\\\/\\\/schema.org\",\"@graph\":[{\"@type\":\"WebPage\",\"@id\":\"https:\\\/\\\/seafarers.ca\\\/fr\\\/siu-profil\\\/equipe\\\/\",\"url\":\"https:\\\/\\\/seafarers.ca\\\/fr\\\/siu-profil\\\/equipe\\\/\",\"name\":\"Notre \u00c9quipe - www.Seafarers.ca\",\"isPartOf\":{\"@id\":\"https:\\\/\\\/seafarers.ca\\\/#website\"},\"datePublished\":\"2013-11-13T21:49:37+00:00\",\"dateModified\":\"2021-07-28T20:45:28+00:00\",\"breadcrumb\":{\"@id\":\"https:\\\/\\\/seafarers.ca\\\/fr\\\/siu-profil\\\/equipe\\\/#breadcrumb\"},\"inLanguage\":\"fr-CA\",\"potentialAction\":[{\"@type\":\"ReadAction\",\"target\":[\"https:\\\/\\\/seafarers.ca\\\/fr\\\/siu-profil\\\/equipe\\\/\"]}]},{\"@type\":\"BreadcrumbList\",\"@id\":\"https:\\\/\\\/seafarers.ca\\\/fr\\\/siu-profil\\\/equipe\\\/#breadcrumb\",\"itemListElement\":[{\"@type\":\"ListItem\",\"position\":1,\"name\":\"Home\",\"item\":\"https:\\\/\\\/seafarers.ca\\\/fr\\\/\"},{\"@type\":\"ListItem\",\"position\":2,\"name\":\"Qui nous sommes\",\"item\":\"https:\\\/\\\/seafarers.ca\\\/fr\\\/siu-profil\\\/\"},{\"@type\":\"ListItem\",\"position\":3,\"name\":\"Notre \u00c9quipe\"}]},{\"@type\":\"WebSite\",\"@id\":\"https:\\\/\\\/seafarers.ca\\\/#website\",\"url\":\"https:\\\/\\\/seafarers.ca\\\/\",\"name\":\"www.Seafarers.ca\",\"description\":\"Syndicat International des Marins Canadiens\",\"potentialAction\":[{\"@type\":\"SearchAction\",\"target\":{\"@type\":\"EntryPoint\",\"urlTemplate\":\"https:\\\/\\\/seafarers.ca\\\/?s={search_term_string}\"},\"query-input\":{\"@type\":\"PropertyValueSpecification\",\"valueRequired\":true,\"valueName\":\"search_term_string\"}}],\"inLanguage\":\"fr-CA\"}]}<\/script>\n<!-- \/ Yoast SEO plugin. -->","yoast_head_json":{"title":"Notre \u00c9quipe - www.Seafarers.ca","robots":{"index":"index","follow":"follow","max-snippet":"max-snippet:-1","max-image-preview":"max-image-preview:large","max-video-preview":"max-video-preview:-1"},"canonical":"https:\/\/seafarers.ca\/fr\/siu-profil\/equipe\/","og_locale":"fr_CA","og_type":"article","og_title":"Notre \u00c9quipe - www.Seafarers.ca","og_description":"L\u2019\u00e9quipe du SIU L\u2019\u00e9quipe du SIU est r\u00e9put\u00e9e pour leurs vastes qualifications, leur exp\u00e9rience collective et la profondeur de leurs comp\u00e9tences en gestion. L\u2019\u00e9quipe d\u00e9tient la responsabilit\u00e9 importante pour les op\u00e9rations quotidiennes, ainsi que le succ\u00e8s de l\u2019union pour le b\u00e9n\u00e9fice des marins et des membres non-marins.","og_url":"https:\/\/seafarers.ca\/fr\/siu-profil\/equipe\/","og_site_name":"www.Seafarers.ca","article_modified_time":"2021-07-28T20:45:28+00:00","twitter_card":"summary_large_image","twitter_misc":{"Estimation du temps de lecture":"1 minute"},"schema":{"@context":"https:\/\/schema.org","@graph":[{"@type":"WebPage","@id":"https:\/\/seafarers.ca\/fr\/siu-profil\/equipe\/","url":"https:\/\/seafarers.ca\/fr\/siu-profil\/equipe\/","name":"Notre \u00c9quipe - www.Seafarers.ca","isPartOf":{"@id":"https:\/\/seafarers.ca\/#website"},"datePublished":"2013-11-13T21:49:37+00:00","dateModified":"2021-07-28T20:45:28+00:00","breadcrumb":{"@id":"https:\/\/seafarers.ca\/fr\/siu-profil\/equipe\/#breadcrumb"},"inLanguage":"fr-CA","potentialAction":[{"@type":"ReadAction","target":["https:\/\/seafarers.ca\/fr\/siu-profil\/equipe\/"]}]},{"@type":"BreadcrumbList","@id":"https:\/\/seafarers.ca\/fr\/siu-profil\/equipe\/#breadcrumb","itemListElement":[{"@type":"ListItem","position":1,"name":"Home","item":"https:\/\/seafarers.ca\/fr\/"},{"@type":"ListItem","position":2,"name":"Qui nous sommes","item":"https:\/\/seafarers.ca\/fr\/siu-profil\/"},{"@type":"ListItem","position":3,"name":"Notre \u00c9quipe"}]},{"@type":"WebSite","@id":"https:\/\/seafarers.ca\/#website","url":"https:\/\/seafarers.ca\/","name":"www.Seafarers.ca","description":"Syndicat International des Marins Canadiens","potentialAction":[{"@type":"SearchAction","target":{"@type":"EntryPoint","urlTemplate":"https:\/\/seafarers.ca\/?s={search_term_string}"},"query-input":{"@type":"PropertyValueSpecification","valueRequired":true,"valueName":"search_term_string"}}],"inLanguage":"fr-CA"}]}},"_links":{"self":[{"href":"https:\/\/seafarers.ca\/fr\/wp-json\/wp\/v2\/pages\/6418","targetHints":{"allow":["GET"]}}],"collection":[{"href":"https:\/\/seafarers.ca\/fr\/wp-json\/wp\/v2\/pages"}],"about":[{"href":"https:\/\/seafarers.ca\/fr\/wp-json\/wp\/v2\/types\/page"}],"author":[{"embeddable":true,"href":"https:\/\/seafarers.ca\/fr\/wp-json\/wp\/v2\/users\/1"}],"replies":[{"embeddable":true,"href":"https:\/\/seafarers.ca\/fr\/wp-json\/wp\/v2\/comments?post=6418"}],"version-history":[{"count":5,"href":"https:\/\/seafarers.ca\/fr\/wp-json\/wp\/v2\/pages\/6418\/revisions"}],"predecessor-version":[{"id":15781,"href":"https:\/\/seafarers.ca\/fr\/wp-json\/wp\/v2\/pages\/6418\/revisions\/15781"}],"up":[{"embeddable":true,"href":"https:\/\/seafarers.ca\/fr\/wp-json\/wp\/v2\/pages\/6306"}],"wp:attachment":[{"href":"https:\/\/seafarers.ca\/fr\/wp-json\/wp\/v2\/media?parent=6418"}],"curies":[{"name":"wp","href":"https:\/\/api.w.org\/{rel}","templated":true}]}}