{"id":6427,"date":"2013-11-14T23:56:17","date_gmt":"2013-11-14T23:56:28","guid":{"rendered":"http:\/\/www.seafarers.ca\/?page_id=6427"},"modified":"2021-08-10T19:43:47","modified_gmt":"2021-08-10T19:43:47","slug":"ressources","status":"publish","type":"page","link":"https:\/\/seafarers.ca\/fr\/ressources\/","title":{"rendered":"Ressources"},"content":{"rendered":"<p>Nous nous sommes battus pour que nos marins aient acc\u00e8s aux meilleurs avantages et b\u00e9n\u00e9fices de l\u2019industrie. Vous trouverez ici une liste compl\u00e8te de formulaires et de renseignements importants pour nos nouveaux et anciens membres. Si vous avez des questions, veuillez nous contacter au <a href=\"mailto:siuofcanada@seafarers.ca\">siuofcanada@seafarers.ca<\/a>.<\/p>\n","protected":false},"excerpt":{"rendered":"<p>Nous nous sommes battus pour que nos marins aient acc\u00e8s aux meilleurs avantages et b\u00e9n\u00e9fices de l\u2019industrie. Vous trouverez ici une liste compl\u00e8te de formulaires et de renseignements importants pour nos nouveaux et anciens membres. Si vous avez des questions, veuillez nous contacter au siuofcanada@seafarers.ca.<\/p>\n","protected":false},"author":1,"featured_media":0,"parent":0,"menu_order":5,"comment_status":"closed","ping_status":"closed","template":"templates\/tmplt-resources.php","meta":{"_acf_changed":false,"footnotes":""},"class_list":["post-6427","page","type-page","status-publish","hentry"],"acf":[],"yoast_head":"<!-- This site is optimized with the Yoast SEO plugin v27.3 - https:\/\/yoast.com\/product\/yoast-seo-wordpress\/ -->\n<title>Ressources - www.Seafarers.ca<\/title>\n<meta name=\"robots\" content=\"index, follow, max-snippet:-1, max-image-preview:large, max-video-preview:-1\" \/>\n<link rel=\"canonical\" href=\"https:\/\/seafarers.ca\/fr\/ressources\/\" \/>\n<meta property=\"og:locale\" content=\"fr_CA\" \/>\n<meta property=\"og:type\" content=\"article\" \/>\n<meta property=\"og:title\" content=\"Ressources - www.Seafarers.ca\" \/>\n<meta property=\"og:description\" content=\"Nous nous sommes battus pour que nos marins aient acc\u00e8s aux meilleurs avantages et b\u00e9n\u00e9fices de l\u2019industrie. Vous trouverez ici une liste compl\u00e8te de formulaires et de renseignements importants pour nos nouveaux et anciens membres. Si vous avez des questions, veuillez nous contacter au siuofcanada@seafarers.ca.\" \/>\n<meta property=\"og:url\" content=\"https:\/\/seafarers.ca\/fr\/ressources\/\" \/>\n<meta property=\"og:site_name\" content=\"www.Seafarers.ca\" \/>\n<meta property=\"article:modified_time\" content=\"2021-08-10T19:43:47+00:00\" \/>\n<meta name=\"twitter:card\" content=\"summary_large_image\" \/>\n<meta name=\"twitter:label1\" content=\"Estimation du temps de lecture\" \/>\n\t<meta name=\"twitter:data1\" content=\"1 minute\" \/>\n<script type=\"application\/ld+json\" class=\"yoast-schema-graph\">{\"@context\":\"https:\\\/\\\/schema.org\",\"@graph\":[{\"@type\":\"WebPage\",\"@id\":\"https:\\\/\\\/seafarers.ca\\\/fr\\\/ressources\\\/\",\"url\":\"https:\\\/\\\/seafarers.ca\\\/fr\\\/ressources\\\/\",\"name\":\"Ressources - www.Seafarers.ca\",\"isPartOf\":{\"@id\":\"https:\\\/\\\/seafarers.ca\\\/#website\"},\"datePublished\":\"2013-11-14T23:56:28+00:00\",\"dateModified\":\"2021-08-10T19:43:47+00:00\",\"breadcrumb\":{\"@id\":\"https:\\\/\\\/seafarers.ca\\\/fr\\\/ressources\\\/#breadcrumb\"},\"inLanguage\":\"fr-CA\",\"potentialAction\":[{\"@type\":\"ReadAction\",\"target\":[\"https:\\\/\\\/seafarers.ca\\\/fr\\\/ressources\\\/\"]}]},{\"@type\":\"BreadcrumbList\",\"@id\":\"https:\\\/\\\/seafarers.ca\\\/fr\\\/ressources\\\/#breadcrumb\",\"itemListElement\":[{\"@type\":\"ListItem\",\"position\":1,\"name\":\"Home\",\"item\":\"https:\\\/\\\/seafarers.ca\\\/fr\\\/\"},{\"@type\":\"ListItem\",\"position\":2,\"name\":\"Ressources\"}]},{\"@type\":\"WebSite\",\"@id\":\"https:\\\/\\\/seafarers.ca\\\/#website\",\"url\":\"https:\\\/\\\/seafarers.ca\\\/\",\"name\":\"www.Seafarers.ca\",\"description\":\"Syndicat International des Marins Canadiens\",\"potentialAction\":[{\"@type\":\"SearchAction\",\"target\":{\"@type\":\"EntryPoint\",\"urlTemplate\":\"https:\\\/\\\/seafarers.ca\\\/?s={search_term_string}\"},\"query-input\":{\"@type\":\"PropertyValueSpecification\",\"valueRequired\":true,\"valueName\":\"search_term_string\"}}],\"inLanguage\":\"fr-CA\"}]}<\/script>\n<!-- \/ Yoast SEO plugin. -->","yoast_head_json":{"title":"Ressources - www.Seafarers.ca","robots":{"index":"index","follow":"follow","max-snippet":"max-snippet:-1","max-image-preview":"max-image-preview:large","max-video-preview":"max-video-preview:-1"},"canonical":"https:\/\/seafarers.ca\/fr\/ressources\/","og_locale":"fr_CA","og_type":"article","og_title":"Ressources - www.Seafarers.ca","og_description":"Nous nous sommes battus pour que nos marins aient acc\u00e8s aux meilleurs avantages et b\u00e9n\u00e9fices de l\u2019industrie. Vous trouverez ici une liste compl\u00e8te de formulaires et de renseignements importants pour nos nouveaux et anciens membres. Si vous avez des questions, veuillez nous contacter au siuofcanada@seafarers.ca.","og_url":"https:\/\/seafarers.ca\/fr\/ressources\/","og_site_name":"www.Seafarers.ca","article_modified_time":"2021-08-10T19:43:47+00:00","twitter_card":"summary_large_image","twitter_misc":{"Estimation du temps de lecture":"1 minute"},"schema":{"@context":"https:\/\/schema.org","@graph":[{"@type":"WebPage","@id":"https:\/\/seafarers.ca\/fr\/ressources\/","url":"https:\/\/seafarers.ca\/fr\/ressources\/","name":"Ressources - www.Seafarers.ca","isPartOf":{"@id":"https:\/\/seafarers.ca\/#website"},"datePublished":"2013-11-14T23:56:28+00:00","dateModified":"2021-08-10T19:43:47+00:00","breadcrumb":{"@id":"https:\/\/seafarers.ca\/fr\/ressources\/#breadcrumb"},"inLanguage":"fr-CA","potentialAction":[{"@type":"ReadAction","target":["https:\/\/seafarers.ca\/fr\/ressources\/"]}]},{"@type":"BreadcrumbList","@id":"https:\/\/seafarers.ca\/fr\/ressources\/#breadcrumb","itemListElement":[{"@type":"ListItem","position":1,"name":"Home","item":"https:\/\/seafarers.ca\/fr\/"},{"@type":"ListItem","position":2,"name":"Ressources"}]},{"@type":"WebSite","@id":"https:\/\/seafarers.ca\/#website","url":"https:\/\/seafarers.ca\/","name":"www.Seafarers.ca","description":"Syndicat International des Marins Canadiens","potentialAction":[{"@type":"SearchAction","target":{"@type":"EntryPoint","urlTemplate":"https:\/\/seafarers.ca\/?s={search_term_string}"},"query-input":{"@type":"PropertyValueSpecification","valueRequired":true,"valueName":"search_term_string"}}],"inLanguage":"fr-CA"}]}},"_links":{"self":[{"href":"https:\/\/seafarers.ca\/fr\/wp-json\/wp\/v2\/pages\/6427","targetHints":{"allow":["GET"]}}],"collection":[{"href":"https:\/\/seafarers.ca\/fr\/wp-json\/wp\/v2\/pages"}],"about":[{"href":"https:\/\/seafarers.ca\/fr\/wp-json\/wp\/v2\/types\/page"}],"author":[{"embeddable":true,"href":"https:\/\/seafarers.ca\/fr\/wp-json\/wp\/v2\/users\/1"}],"replies":[{"embeddable":true,"href":"https:\/\/seafarers.ca\/fr\/wp-json\/wp\/v2\/comments?post=6427"}],"version-history":[{"count":5,"href":"https:\/\/seafarers.ca\/fr\/wp-json\/wp\/v2\/pages\/6427\/revisions"}],"predecessor-version":[{"id":15769,"href":"https:\/\/seafarers.ca\/fr\/wp-json\/wp\/v2\/pages\/6427\/revisions\/15769"}],"wp:attachment":[{"href":"https:\/\/seafarers.ca\/fr\/wp-json\/wp\/v2\/media?parent=6427"}],"curies":[{"name":"wp","href":"https:\/\/api.w.org\/{rel}","templated":true}]}}