{"id":6491,"date":"2013-11-14T23:49:46","date_gmt":"2013-11-14T23:49:46","guid":{"rendered":"http:\/\/www.seafarers.ca\/?page_id=6491"},"modified":"2024-09-27T09:05:47","modified_gmt":"2024-09-27T13:05:47","slug":"marin","status":"publish","type":"page","link":"https:\/\/seafarers.ca\/fr\/marin\/","title":{"rendered":"Le Marin"},"content":{"rendered":"","protected":false},"excerpt":{"rendered":"","protected":false},"author":1,"featured_media":0,"parent":0,"menu_order":6,"comment_status":"closed","ping_status":"closed","template":"templates\/tmplt-sailor.php","meta":{"_acf_changed":false,"footnotes":""},"class_list":["post-6491","page","type-page","status-publish","hentry"],"acf":[],"yoast_head":"<!-- This site is optimized with the Yoast SEO plugin v27.3 - https:\/\/yoast.com\/product\/yoast-seo-wordpress\/ -->\n<title>Le Marin - www.Seafarers.ca<\/title>\n<meta name=\"robots\" content=\"index, follow, max-snippet:-1, max-image-preview:large, max-video-preview:-1\" \/>\n<link rel=\"canonical\" href=\"https:\/\/seafarers.ca\/fr\/marin\/\" \/>\n<meta property=\"og:locale\" content=\"fr_CA\" \/>\n<meta property=\"og:type\" content=\"article\" \/>\n<meta property=\"og:title\" content=\"Le Marin Canadien\" \/>\n<meta property=\"og:description\" content=\"Le Marin Canadien est le bulletin trimestriel publi\u00e9 par le Syndicat international des marins canadiens qui traite des \u00e9v\u00e9nements en cours dans l&#039;industrie maritime canadienne, des n\u00e9gociations ayant un impact sur les membres du SIU Canada et des mises \u00e0 jour g\u00e9n\u00e9rales du principal syndicat maritime du pays.\" \/>\n<meta property=\"og:url\" content=\"https:\/\/seafarers.ca\/fr\/marin\/\" \/>\n<meta property=\"og:site_name\" content=\"www.Seafarers.ca\" \/>\n<meta property=\"article:modified_time\" content=\"2024-09-27T13:05:47+00:00\" \/>\n<meta property=\"og:image\" content=\"https:\/\/seafarers.ca\/wp-content\/uploads\/2024\/09\/LeMARIN_SEPT-2024-cover.jpg\" \/>\n\t<meta property=\"og:image:width\" content=\"1089\" \/>\n\t<meta property=\"og:image:height\" content=\"1397\" \/>\n\t<meta property=\"og:image:type\" content=\"image\/jpeg\" \/>\n<meta name=\"twitter:card\" content=\"summary_large_image\" \/>\n<meta name=\"twitter:title\" content=\"Le Marin Canadien\" \/>\n<meta name=\"twitter:description\" content=\"Le Marin Canadien est le bulletin trimestriel publi\u00e9 par le Syndicat international des marins canadiens qui traite des \u00e9v\u00e9nements en cours dans l&#039;industrie maritime canadienne, des n\u00e9gociations ayant un impact sur les membres du SIU Canada et des mises \u00e0 jour g\u00e9n\u00e9rales du principal syndicat maritime du pays.\" \/>\n<meta name=\"twitter:image\" content=\"https:\/\/seafarers.ca\/wp-content\/uploads\/2024\/09\/LeMARIN_SEPT-2024-cover.jpg\" \/>\n<script type=\"application\/ld+json\" class=\"yoast-schema-graph\">{\"@context\":\"https:\\\/\\\/schema.org\",\"@graph\":[{\"@type\":\"WebPage\",\"@id\":\"https:\\\/\\\/seafarers.ca\\\/fr\\\/marin\\\/\",\"url\":\"https:\\\/\\\/seafarers.ca\\\/fr\\\/marin\\\/\",\"name\":\"Le Marin - www.Seafarers.ca\",\"isPartOf\":{\"@id\":\"https:\\\/\\\/seafarers.ca\\\/#website\"},\"datePublished\":\"2013-11-14T23:49:46+00:00\",\"dateModified\":\"2024-09-27T13:05:47+00:00\",\"breadcrumb\":{\"@id\":\"https:\\\/\\\/seafarers.ca\\\/fr\\\/marin\\\/#breadcrumb\"},\"inLanguage\":\"fr-CA\",\"potentialAction\":[{\"@type\":\"ReadAction\",\"target\":[\"https:\\\/\\\/seafarers.ca\\\/fr\\\/marin\\\/\"]}]},{\"@type\":\"BreadcrumbList\",\"@id\":\"https:\\\/\\\/seafarers.ca\\\/fr\\\/marin\\\/#breadcrumb\",\"itemListElement\":[{\"@type\":\"ListItem\",\"position\":1,\"name\":\"Home\",\"item\":\"https:\\\/\\\/seafarers.ca\\\/fr\\\/\"},{\"@type\":\"ListItem\",\"position\":2,\"name\":\"Le Marin\"}]},{\"@type\":\"WebSite\",\"@id\":\"https:\\\/\\\/seafarers.ca\\\/#website\",\"url\":\"https:\\\/\\\/seafarers.ca\\\/\",\"name\":\"www.Seafarers.ca\",\"description\":\"Syndicat International des Marins Canadiens\",\"potentialAction\":[{\"@type\":\"SearchAction\",\"target\":{\"@type\":\"EntryPoint\",\"urlTemplate\":\"https:\\\/\\\/seafarers.ca\\\/?s={search_term_string}\"},\"query-input\":{\"@type\":\"PropertyValueSpecification\",\"valueRequired\":true,\"valueName\":\"search_term_string\"}}],\"inLanguage\":\"fr-CA\"}]}<\/script>\n<!-- \/ Yoast SEO plugin. -->","yoast_head_json":{"title":"Le Marin - www.Seafarers.ca","robots":{"index":"index","follow":"follow","max-snippet":"max-snippet:-1","max-image-preview":"max-image-preview:large","max-video-preview":"max-video-preview:-1"},"canonical":"https:\/\/seafarers.ca\/fr\/marin\/","og_locale":"fr_CA","og_type":"article","og_title":"Le Marin Canadien","og_description":"Le Marin Canadien est le bulletin trimestriel publi\u00e9 par le Syndicat international des marins canadiens qui traite des \u00e9v\u00e9nements en cours dans l'industrie maritime canadienne, des n\u00e9gociations ayant un impact sur les membres du SIU Canada et des mises \u00e0 jour g\u00e9n\u00e9rales du principal syndicat maritime du pays.","og_url":"https:\/\/seafarers.ca\/fr\/marin\/","og_site_name":"www.Seafarers.ca","article_modified_time":"2024-09-27T13:05:47+00:00","og_image":[{"width":1089,"height":1397,"url":"https:\/\/seafarers.ca\/wp-content\/uploads\/2024\/09\/LeMARIN_SEPT-2024-cover.jpg","type":"image\/jpeg"}],"twitter_card":"summary_large_image","twitter_title":"Le Marin Canadien","twitter_description":"Le Marin Canadien est le bulletin trimestriel publi\u00e9 par le Syndicat international des marins canadiens qui traite des \u00e9v\u00e9nements en cours dans l'industrie maritime canadienne, des n\u00e9gociations ayant un impact sur les membres du SIU Canada et des mises \u00e0 jour g\u00e9n\u00e9rales du principal syndicat maritime du pays.","twitter_image":"https:\/\/seafarers.ca\/wp-content\/uploads\/2024\/09\/LeMARIN_SEPT-2024-cover.jpg","schema":{"@context":"https:\/\/schema.org","@graph":[{"@type":"WebPage","@id":"https:\/\/seafarers.ca\/fr\/marin\/","url":"https:\/\/seafarers.ca\/fr\/marin\/","name":"Le Marin - www.Seafarers.ca","isPartOf":{"@id":"https:\/\/seafarers.ca\/#website"},"datePublished":"2013-11-14T23:49:46+00:00","dateModified":"2024-09-27T13:05:47+00:00","breadcrumb":{"@id":"https:\/\/seafarers.ca\/fr\/marin\/#breadcrumb"},"inLanguage":"fr-CA","potentialAction":[{"@type":"ReadAction","target":["https:\/\/seafarers.ca\/fr\/marin\/"]}]},{"@type":"BreadcrumbList","@id":"https:\/\/seafarers.ca\/fr\/marin\/#breadcrumb","itemListElement":[{"@type":"ListItem","position":1,"name":"Home","item":"https:\/\/seafarers.ca\/fr\/"},{"@type":"ListItem","position":2,"name":"Le Marin"}]},{"@type":"WebSite","@id":"https:\/\/seafarers.ca\/#website","url":"https:\/\/seafarers.ca\/","name":"www.Seafarers.ca","description":"Syndicat International des Marins Canadiens","potentialAction":[{"@type":"SearchAction","target":{"@type":"EntryPoint","urlTemplate":"https:\/\/seafarers.ca\/?s={search_term_string}"},"query-input":{"@type":"PropertyValueSpecification","valueRequired":true,"valueName":"search_term_string"}}],"inLanguage":"fr-CA"}]}},"_links":{"self":[{"href":"https:\/\/seafarers.ca\/fr\/wp-json\/wp\/v2\/pages\/6491","targetHints":{"allow":["GET"]}}],"collection":[{"href":"https:\/\/seafarers.ca\/fr\/wp-json\/wp\/v2\/pages"}],"about":[{"href":"https:\/\/seafarers.ca\/fr\/wp-json\/wp\/v2\/types\/page"}],"author":[{"embeddable":true,"href":"https:\/\/seafarers.ca\/fr\/wp-json\/wp\/v2\/users\/1"}],"replies":[{"embeddable":true,"href":"https:\/\/seafarers.ca\/fr\/wp-json\/wp\/v2\/comments?post=6491"}],"version-history":[{"count":5,"href":"https:\/\/seafarers.ca\/fr\/wp-json\/wp\/v2\/pages\/6491\/revisions"}],"predecessor-version":[{"id":17755,"href":"https:\/\/seafarers.ca\/fr\/wp-json\/wp\/v2\/pages\/6491\/revisions\/17755"}],"wp:attachment":[{"href":"https:\/\/seafarers.ca\/fr\/wp-json\/wp\/v2\/media?parent=6491"}],"curies":[{"name":"wp","href":"https:\/\/api.w.org\/{rel}","templated":true}]}}